{"id":22,"date":"2023-01-22T16:35:37","date_gmt":"2023-01-22T16:35:37","guid":{"rendered":"https:\/\/webredox.net\/demo\/wp\/candore\/?page_id=22"},"modified":"2025-01-29T17:47:47","modified_gmt":"2025-01-29T16:47:47","slug":"home","status":"publish","type":"page","link":"https:\/\/www.skygarden.at\/skygardencafe\/","title":{"rendered":"Home"},"content":{"rendered":"\t\t<div data-elementor-type=\"wp-page\" data-elementor-id=\"22\" class=\"elementor elementor-22\" data-elementor-post-type=\"page\">\n\t\t\t\t\t\t<section class=\"elementor-section elementor-top-section elementor-element elementor-element-37a5478 elementor-section-full_width elementor-section-height-full elementor-section-height-default elementor-section-items-middle\" data-id=\"37a5478\" data-element_type=\"section\" data-e-type=\"section\">\n\t\t\t\t\t\t<div class=\"elementor-container elementor-column-gap-no\">\n\t\t\t\t\t<div class=\"elementor-column elementor-col-100 elementor-top-column elementor-element elementor-element-ce4a4d0\" data-id=\"ce4a4d0\" data-element_type=\"column\" data-e-type=\"column\">\n\t\t\t<div class=\"elementor-widget-wrap elementor-element-populated\">\n\t\t\t\t\t\t<div class=\"elementor-element elementor-element-a3703f3 elementor-widget elementor-widget-candore-banner-slider\" data-id=\"a3703f3\" data-element_type=\"widget\" data-e-type=\"widget\" data-widget_type=\"candore-banner-slider.default\">\n\t\t\t\t<div class=\"elementor-widget-container\">\n\t\t\t\t\t\t\t\n\t\t\n\t\t<header class=\"header slider-fade  cd-intro-type-slider\" >\n        <div class=\"owl-carousel owl-theme\" data-carousel-autoplay=\"true\" data-carousel-speed=\"1000\" data-carousel-timeout=\"5000\" data-carousel-nav=\"false\" data-carousel-dots=\"true\" data-carousel-dots-mobile=\"true\"> \n            <!-- The opacity on the image is made with \"data-overlay-dark=\"number\". You can change it using the numbers 0-9. -->\n            \t\t\t\t\t\t<div class=\"text-center item bg-img bg-img-c\" data-overlay-dark=\"6\" data-background=\"https:\/\/www.skygarden.at\/skygardencafe\/wp-content\/uploads\/2025\/01\/IMG_9043-scaled.jpg\">\n\t\t\t                <div class=\"v-middle caption\">\n                    <div class=\"container\">\n                        <div class=\"row\">\n                            <div class=\"col-md-12 text-center\">\n                                \t\t\t\t\t\t\t\t<h6 class=\"cd-intro-title-h6\">HERZLICH WILLKOMMEN IM<\/h6>\n\t\t\t\t\t\t\t\t                                <h1 class=\"cd-intro-title-h1\">\n\t\t\t\t\t\t\t\t\t\t\t\t\t\t\t\t\t\tCaf\u00e9 Skygarden\t\t\t\t\t\t\t\t\t\t\t\t\t\t\t\t\t\t\t\t\t\t\t\t\t\t\t<span>Dornacher Stra\u00dfe 13 | A-4040 Linz<\/span>\n\t\t\t\t\t\t\t\t\t\t\t\t\t\t\t\t\t<\/h1>\n\t\t\t\t\t\t\t\t                                <h4 class=\"cd-intro-title-h4\">Mo: Ruhetag | Di-Fr: 8:30-21:30 | Sa: 8:30-20:00 | So: 9:00-20:00 | Feiertag: 9:00-18:00<\/h4> \n\t\t\t\t\t\t\t\t\t\t\t\t\t\t\t\t                                <a href=\"tel:0732919900\" target=\"_self\"  class=\"button-1 mt-30\">TISCH RESERVIEREN<span><\/span><\/a>\n\t\t\t\t\t\t\t\t                            <\/div>\n                        <\/div>\n                    <\/div>\n                <\/div>\n            <\/div>\n\t\t\t        <\/div>\n\t\t\t\t        <!-- reservation -->\n        <div class=\"reservation\">\n            <a href=\"tel:0732919900\">\n                \t\t\t\t<div class=\"icon d-flex justify-content-center align-items-center\"> <i class=\"flaticon-tray-1\"><\/i> <\/div>\n\t\t\t\t                <div class=\"call\">\n\t\t\t\t\t<span>0732 919900<\/span>\n                    <br>RESERVIERUNG                <\/div>\n            <\/a>\n        <\/div>\n\t\t\t\t\t\t    <\/header>\t\t\n\n        \t\t\t\t<\/div>\n\t\t\t\t<\/div>\n\t\t\t\t\t<\/div>\n\t\t<\/div>\n\t\t\t\t\t<\/div>\n\t\t<\/section>\n\t\t\t\t<section class=\"elementor-section elementor-top-section elementor-element elementor-element-5a6a57b elementor-section-boxed elementor-section-height-default elementor-section-height-default\" data-id=\"5a6a57b\" data-element_type=\"section\" data-e-type=\"section\">\n\t\t\t\t\t\t<div class=\"elementor-container elementor-column-gap-default\">\n\t\t\t\t\t<div class=\"elementor-column elementor-col-33 elementor-top-column elementor-element elementor-element-711baa5\" data-id=\"711baa5\" data-element_type=\"column\" data-e-type=\"column\">\n\t\t\t<div class=\"elementor-widget-wrap elementor-element-populated\">\n\t\t\t\t\t\t<div class=\"elementor-element elementor-element-a2f2443 elementor-widget elementor-widget-candore-services\" data-id=\"a2f2443\" data-element_type=\"widget\" data-e-type=\"widget\" data-widget_type=\"candore-services.default\">\n\t\t\t\t<div class=\"elementor-widget-container\">\n\t\t\t\t\t        <div class=\"services-box\">\n\t\t\t<div class=\"item\"> \n\t\t\t\t\t\t\t\t\t\t\t\t\t<span class=\"icon flaticon-cooking\"><\/span>\n\t\t\t\t\t\t\t\t                <div class=\"cont\">\n                    <h5 class=\"cd-intro-title-h5\"><a href=\"\" target=\"_self\">Fr\u00fchst\u00fcck<\/a><\/h5>\n                    <p><p>Beginnen Sie Ihren Tag mit unserem vielf\u00e4ltigen Fr\u00fchst\u00fcck \u2013 frisch, kreativ und reich an genussvollen Momenten.<\/p><\/p>\n\t\t\t\t\t                <\/div>\n            <\/div>\n\t\t<\/div>\n\t\t\t\t\t\t<\/div>\n\t\t\t\t<\/div>\n\t\t\t\t\t<\/div>\n\t\t<\/div>\n\t\t\t\t<div class=\"elementor-column elementor-col-33 elementor-top-column elementor-element elementor-element-6320c0d\" data-id=\"6320c0d\" data-element_type=\"column\" data-e-type=\"column\">\n\t\t\t<div class=\"elementor-widget-wrap elementor-element-populated\">\n\t\t\t\t\t\t<div class=\"elementor-element elementor-element-36de42f elementor-widget elementor-widget-candore-services\" data-id=\"36de42f\" data-element_type=\"widget\" data-e-type=\"widget\" data-widget_type=\"candore-services.default\">\n\t\t\t\t<div class=\"elementor-widget-container\">\n\t\t\t\t\t        <div class=\"services-box\">\n\t\t\t<div class=\"item\"> \n\t\t\t\t\t\t\t\t\t\t\t\t\t<span class=\"icon flaticon-food\"><\/span>\n\t\t\t\t\t\t\t\t                <div class=\"cont\">\n                    <h5 class=\"cd-intro-title-h5\"><a href=\"\" target=\"_self\">Leckereien<\/a><\/h5>\n                    <p><p>Unsere Snacks bieten eine k\u00f6stliche Auswahl f\u00fcr jeden Geschmack. Von leichten, gesunden Optionen bis hin zu herzhaften Klassikern, perfekt f\u00fcr den kleinen Hunger zwischendurch oder zum Teilen in gem\u00fctlicher Runde.<\/p><\/p>\n\t\t\t\t\t                <\/div>\n            <\/div>\n\t\t<\/div>\n\t\t\t\t\t\t<\/div>\n\t\t\t\t<\/div>\n\t\t\t\t\t<\/div>\n\t\t<\/div>\n\t\t\t\t<div class=\"elementor-column elementor-col-33 elementor-top-column elementor-element elementor-element-dc95e6c\" data-id=\"dc95e6c\" data-element_type=\"column\" data-e-type=\"column\">\n\t\t\t<div class=\"elementor-widget-wrap elementor-element-populated\">\n\t\t\t\t\t\t<div class=\"elementor-element elementor-element-2dc58b8 elementor-widget elementor-widget-candore-services\" data-id=\"2dc58b8\" data-element_type=\"widget\" data-e-type=\"widget\" data-widget_type=\"candore-services.default\">\n\t\t\t\t<div class=\"elementor-widget-container\">\n\t\t\t\t\t        <div class=\"services-box\">\n\t\t\t<div class=\"item\"> \n\t\t\t\t\t\t\t\t\t\t\t\t\t<span class=\"icon flaticon-cake\"><\/span>\n\t\t\t\t\t\t\t\t                <div class=\"cont\">\n                    <h5 class=\"cd-intro-title-h5\"><a href=\"\" target=\"_self\">Feinste Backwaren<\/a><\/h5>\n                    <p><p>Unsere Torten, liebevoll gefertigt von der renommierten <a href=\"http:\/\/www.konditorei-preining.at\"><span style=\"text-decoration: underline;\"><strong>Konditorei Preining<\/strong><\/span><\/a> begeistern mit erstklassiger Qualit\u00e4t und unvergleichlichem Geschmack \u2013 ein wahres Vergn\u00fcgen f\u00fcr jede Gelegenheit.<\/p><\/p>\n\t\t\t\t\t                <\/div>\n            <\/div>\n\t\t<\/div>\n\t\t\t\t\t\t<\/div>\n\t\t\t\t<\/div>\n\t\t\t\t\t<\/div>\n\t\t<\/div>\n\t\t\t\t\t<\/div>\n\t\t<\/section>\n\t\t\t\t<section class=\"elementor-section elementor-top-section elementor-element elementor-element-6137d59e elementor-section-boxed elementor-section-height-default elementor-section-height-default\" data-id=\"6137d59e\" data-element_type=\"section\" data-e-type=\"section\" data-settings=\"{&quot;background_background&quot;:&quot;gradient&quot;}\">\n\t\t\t\t\t\t\t<div class=\"elementor-background-overlay\"><\/div>\n\t\t\t\t\t\t\t<div class=\"elementor-container elementor-column-gap-default\">\n\t\t\t\t\t<div class=\"elementor-column elementor-col-100 elementor-top-column elementor-element elementor-element-3473fac6\" data-id=\"3473fac6\" data-element_type=\"column\" data-e-type=\"column\">\n\t\t\t<div class=\"elementor-widget-wrap elementor-element-populated\">\n\t\t\t\t\t\t<div class=\"elementor-element elementor-element-262d373b elementor-widget elementor-widget-candore-sec-title\" data-id=\"262d373b\" data-element_type=\"widget\" data-e-type=\"widget\" data-widget_type=\"candore-sec-title.default\">\n\t\t\t\t<div class=\"elementor-widget-container\">\n\t\t\t\t\t\t\t<div class=\"section-head mb-0 text-center \">\n\t\t\t\t\t\t<h6 class=\"section-subtitle\">unsere highlights<\/h6>\n\t\t\t\t\t\t            <h5 class=\"section-title\">LIEBEVOLL ZUBEREITET<\/h5>\n\t\t\t\t\t\t            <div class=\"section-backtitle\">Highlights<\/div>\n\t\t\t\t\t\t\t\t\t\t<span class=\"icon\"><i class=\"flaticon-tray-2\"><\/i><\/span>\n\t\t\t\t\t<\/div>\n\t\t\t\t\t\t<\/div>\n\t\t\t\t<\/div>\n\t\t\t\t<div class=\"elementor-section elementor-inner-section elementor-element elementor-element-40ed99d3 elementor-section-full_width elementor-section-height-default elementor-section-height-default\" data-id=\"40ed99d3\" data-element_type=\"section\" data-e-type=\"section\">\n\t\t\t\t\t\t<div class=\"elementor-container elementor-column-gap-default\">\n\t\t\t\t\t<div class=\"elementor-column elementor-col-33 elementor-inner-column elementor-element elementor-element-17eec5b5\" data-id=\"17eec5b5\" data-element_type=\"column\" data-e-type=\"column\">\n\t\t\t<div class=\"elementor-widget-wrap elementor-element-populated\">\n\t\t\t\t\t\t<div class=\"elementor-element elementor-element-4c0f5e43 elementor-widget elementor-widget-candore-flip-box\" data-id=\"4c0f5e43\" data-element_type=\"widget\" data-e-type=\"widget\" data-widget_type=\"candore-flip-box.default\">\n\t\t\t\t<div class=\"elementor-widget-container\">\n\t\t\t\t\t\n\t\t\t\t<div class=\"first-class-services cd-flip-services\">\n\t\t\t<div class=\"square-flip\">\n                <div class=\"square bg-imgd bg-img-flip\" data-background=\"https:\/\/www.skygarden.at\/skygardencafe\/wp-content\/uploads\/2025\/01\/IMG_9031-scaled.jpg\"> \n\t\t\t\t                    <div class=\"square-container d-flex align-items-end justify-content-end\">\n                        <div class=\"box-title\">\n\t\t\t\t\t\t\t                            \t\t\t\t\t\t\t\t<div class=\"icon \"><\/div>\n\t\t\t\t\t\t\t\t\t\t\t\t\t\t\n\t\t\t\t\t\t\t                            \t\t\t\t\t\t\t<h6>PRICKELNDER GENUSS<\/h6>\n\t\t\t\t\t\t\t\t\t\t\t\t\t\t                            <h4>Prosecco<\/h4>\n\t\t\t\t\t\t\t                        <\/div>\n                    <\/div>\n                    <div class=\"flip-overlay\"><\/div>\n                <\/div>\n                <div class=\"square2\">\n                    <div class=\"square-container2\">\n                        \t\t\t\t\t\t<h6>PRICKELNDER GENUSS<\/h6>\n\t\t\t\t\t\t\t\t\t\t\t\t                        <h4>Prosecco<\/h4>\n\t\t\t\t\t\t\t\t\t\t\t\t                        <p><i><p>Verw\u00f6hnen Sie sich mit einer wohlverdienten Pause und sto\u00dfen Sie im Caf\u00e9 Skygarden mit einem erfrischenden Glas Prosecco an. Ob zum Feiern oder einfach, um den Moment zu genie\u00dfen \u2013 der perfekte Drink, um sich zu entspannen und neue Energie zu tanken!<\/p><\/i><\/p>\n\t\t\t\t\t\t\t\t\t\t\t\t                    <\/div>\n                <\/div>\n            <\/div>\n\t\t<\/div>\n\t\t        \t\t\n\n        \t\t\t\t<\/div>\n\t\t\t\t<\/div>\n\t\t\t\t\t<\/div>\n\t\t<\/div>\n\t\t\t\t<div class=\"elementor-column elementor-col-33 elementor-inner-column elementor-element elementor-element-3abecf6b\" data-id=\"3abecf6b\" data-element_type=\"column\" data-e-type=\"column\">\n\t\t\t<div class=\"elementor-widget-wrap elementor-element-populated\">\n\t\t\t\t\t\t<div class=\"elementor-element elementor-element-306ecb3 elementor-widget elementor-widget-candore-flip-box\" data-id=\"306ecb3\" data-element_type=\"widget\" data-e-type=\"widget\" data-widget_type=\"candore-flip-box.default\">\n\t\t\t\t<div class=\"elementor-widget-container\">\n\t\t\t\t\t\n\t\t\t\t<div class=\"first-class-services cd-flip-services\">\n\t\t\t<div class=\"square-flip\">\n                <div class=\"square bg-imgd bg-img-flip\" data-background=\"https:\/\/www.skygarden.at\/skygardencafe\/wp-content\/uploads\/2025\/01\/IMG_9025-scaled.jpg\"> \n\t\t\t\t                    <div class=\"square-container d-flex align-items-end justify-content-end\">\n                        <div class=\"box-title\">\n\t\t\t\t\t\t\t                            \t\t\t\t\t\t\t\t<div class=\"icon \"><\/div>\n\t\t\t\t\t\t\t\t\t\t\t\t\t\t\n\t\t\t\t\t\t\t                            \t\t\t\t\t\t\t<h6>Start in den Tag<\/h6>\n\t\t\t\t\t\t\t\t\t\t\t\t\t\t                            <h4>Fr\u00fchst\u00fcck<\/h4>\n\t\t\t\t\t\t\t                        <\/div>\n                    <\/div>\n                    <div class=\"flip-overlay\"><\/div>\n                <\/div>\n                <div class=\"square2\">\n                    <div class=\"square-container2\">\n                        \t\t\t\t\t\t<h6>Start in den Tag<\/h6>\n\t\t\t\t\t\t\t\t\t\t\t\t                        <h4>Fr\u00fchst\u00fcck<\/h4>\n\t\t\t\t\t\t\t\t\t\t\t\t                        <p><i><p>Starten Sie Ihren Tag mit einem ausgiebigen Fr\u00fchst\u00fcck im Caf\u00e9 Skygarden! Freuen Sie sich auf eine vielf\u00e4ltige Auswahl an handgemachten K\u00f6stlichkeiten, die keine W\u00fcnsche offen lassen. Ob herzhaft, s\u00fc\u00df oder doch eher ganz klassisch \u2013 hier wird jeder Morgen zu einem kulinarischen Erlebnis!<\/p><\/i><\/p>\n\t\t\t\t\t\t\t\t\t\t\t\t                    <\/div>\n                <\/div>\n            <\/div>\n\t\t<\/div>\n\t\t        \t\t\n\n        \t\t\t\t<\/div>\n\t\t\t\t<\/div>\n\t\t\t\t\t<\/div>\n\t\t<\/div>\n\t\t\t\t<div class=\"elementor-column elementor-col-33 elementor-inner-column elementor-element elementor-element-3e48368f\" data-id=\"3e48368f\" data-element_type=\"column\" data-e-type=\"column\">\n\t\t\t<div class=\"elementor-widget-wrap elementor-element-populated\">\n\t\t\t\t\t\t<div class=\"elementor-element elementor-element-52de3ef1 elementor-widget elementor-widget-candore-flip-box\" data-id=\"52de3ef1\" data-element_type=\"widget\" data-e-type=\"widget\" data-widget_type=\"candore-flip-box.default\">\n\t\t\t\t<div class=\"elementor-widget-container\">\n\t\t\t\t\t\n\t\t\t\t<div class=\"first-class-services cd-flip-services\">\n\t\t\t<div class=\"square-flip\">\n                <div class=\"square bg-imgd bg-img-flip\" data-background=\"https:\/\/www.skygarden.at\/skygardencafe\/wp-content\/uploads\/2025\/01\/IMG_9074-scaled.jpg\"> \n\t\t\t\t                    <div class=\"square-container d-flex align-items-end justify-content-end\">\n                        <div class=\"box-title\">\n\t\t\t\t\t\t\t                            \t\t\t\t\t\t\t\t<div class=\"icon \"><\/div>\n\t\t\t\t\t\t\t\t\t\t\t\t\t\t\n\t\t\t\t\t\t\t                            \t\t\t\t\t\t\t<h6>Unvergleichliches Highlight<\/h6>\n\t\t\t\t\t\t\t\t\t\t\t\t\t\t                            <h4>Torten<\/h4>\n\t\t\t\t\t\t\t                        <\/div>\n                    <\/div>\n                    <div class=\"flip-overlay\"><\/div>\n                <\/div>\n                <div class=\"square2\">\n                    <div class=\"square-container2\">\n                        \t\t\t\t\t\t<h6>Unvergleichliches Highlight<\/h6>\n\t\t\t\t\t\t\t\t\t\t\t\t                        <h4>Torten<\/h4>\n\t\t\t\t\t\t\t\t\t\t\t\t                        <p><i><p>Im Caf\u00e9 Skygarden erwartet Sie eine erlesene Auswahl an k\u00f6stlichen Torten, liebevoll kreiert von der angesehenen Konditorei Preining. Jede Torte ist ein Meisterwerk aus erstklassigen Zutaten, dass jeden Bissen zu einem einzigartigen Moment macht. Ideal, um sich selbst oder andere eine besondere Freude zu bereiten!<\/p><\/i><\/p>\n\t\t\t\t\t\t\t\t\t\t\t\t                    <\/div>\n                <\/div>\n            <\/div>\n\t\t<\/div>\n\t\t        \t\t\n\n        \t\t\t\t<\/div>\n\t\t\t\t<\/div>\n\t\t\t\t\t<\/div>\n\t\t<\/div>\n\t\t\t\t\t<\/div>\n\t\t<\/div>\n\t\t\t\t\t<\/div>\n\t\t<\/div>\n\t\t\t\t\t<\/div>\n\t\t<\/section>\n\t\t\t\t<section class=\"elementor-section elementor-top-section elementor-element elementor-element-23806fa elementor-section-full_width elementor-section-height-default elementor-section-height-default\" data-id=\"23806fa\" data-element_type=\"section\" data-e-type=\"section\">\n\t\t\t\t\t\t<div class=\"elementor-container elementor-column-gap-no\">\n\t\t\t\t\t<div class=\"elementor-column elementor-col-100 elementor-top-column elementor-element elementor-element-88960cd\" data-id=\"88960cd\" data-element_type=\"column\" data-e-type=\"column\">\n\t\t\t<div class=\"elementor-widget-wrap elementor-element-populated\">\n\t\t\t\t\t\t<div class=\"elementor-element elementor-element-c1370e7 elementor-widget elementor-widget-google_maps\" data-id=\"c1370e7\" data-element_type=\"widget\" data-e-type=\"widget\" data-widget_type=\"google_maps.default\">\n\t\t\t\t<div class=\"elementor-widget-container\">\n\t\t\t\t\t\t\t<div class=\"elementor-custom-embed\">\n\t\t\t <div class=\"brlbs-cmpnt-container brlbs-cmpnt-content-blocker brlbs-cmpnt-with-individual-styles\" data-borlabs-cookie-content-blocker-id=\"google-maps\" data-borlabs-cookie-content=\"PGlmcmFtZSBsb2FkaW5nPSJsYXp5IgoJCQkJCXNyYz0iaHR0cHM6Ly9tYXBzLmdvb2dsZS5jb20vbWFwcz9xPURvcm5hY2hlciUyMFN0cmElQzMlOUZlJTIwMTMlMkMlMjA0MDQwJTIwTGlueiYjMDM4O3Q9bSYjMDM4O3o9MTAmIzAzODtvdXRwdXQ9ZW1iZWQmIzAzODtpd2xvYz1uZWFyIgoJCQkJCXRpdGxlPSJEb3JuYWNoZXIgU3RyYcOfZSAxMywgNDA0MCBMaW56IgoJCQkJCWFyaWEtbGFiZWw9IkRvcm5hY2hlciBTdHJhw59lIDEzLCA0MDQwIExpbnoiCgkJCT48L2lmcmFtZT4=\"><div class=\"brlbs-cmpnt-cb-preset-b brlbs-cmpnt-cb-google-maps\"> <div class=\"brlbs-cmpnt-cb-thumbnail\" style=\"background-image: url('https:\/\/www.skygarden.at\/skygardencafe\/wp-content\/uploads\/borlabs-cookie\/1\/brlbs-cb-google-maps-main.png')\"><\/div> <div class=\"brlbs-cmpnt-cb-main\"> <div class=\"brlbs-cmpnt-cb-content\"> <p class=\"brlbs-cmpnt-cb-description\">Sie sehen gerade einen Platzhalterinhalt von <strong>Google Maps<\/strong>. Um auf den eigentlichen Inhalt zuzugreifen, klicken Sie auf die Schaltfl\u00e4che unten. Bitte beachten Sie, dass dabei Daten an Drittanbieter weitergegeben werden.<\/p> <a class=\"brlbs-cmpnt-cb-provider-toggle\" href=\"#\" data-borlabs-cookie-show-provider-information role=\"button\">Mehr Informationen<\/a> <\/div> <div class=\"brlbs-cmpnt-cb-buttons\"> <a class=\"brlbs-cmpnt-cb-btn\" href=\"#\" data-borlabs-cookie-unblock role=\"button\">Inhalt entsperren<\/a> <a class=\"brlbs-cmpnt-cb-btn\" href=\"#\" data-borlabs-cookie-accept-service role=\"button\" style=\"display: inherit\">Erforderlichen Service akzeptieren und Inhalte entsperren<\/a> <\/div> <\/div> <\/div><\/div>\n\t\t<\/div>\n\t\t\t\t\t\t<\/div>\n\t\t\t\t<\/div>\n\t\t\t\t\t<\/div>\n\t\t<\/div>\n\t\t\t\t\t<\/div>\n\t\t<\/section>\n\t\t\t\t<\/div>\n\t\t","protected":false},"excerpt":{"rendered":"<p>HERZLICH WILLKOMMEN IM Caf\u00e9 Skygarden Dornacher Stra\u00dfe 13 | A-4040 Linz Mo: Ruhetag | Di-Fr: 8:30-21:30 | Sa: 8:30-20:00 | So: 9:00-20:00 | Feiertag: 9:00-18:00 TISCH RESERVIEREN 0732 919900 RESERVIERUNG&#8230;<\/p>\n","protected":false},"author":1,"featured_media":0,"parent":0,"menu_order":0,"comment_status":"closed","ping_status":"closed","template":"","meta":{"footnotes":""},"class_list":["post-22","page","type-page","status-publish","hentry"],"_links":{"self":[{"href":"https:\/\/www.skygarden.at\/skygardencafe\/wp-json\/wp\/v2\/pages\/22","targetHints":{"allow":["GET"]}}],"collection":[{"href":"https:\/\/www.skygarden.at\/skygardencafe\/wp-json\/wp\/v2\/pages"}],"about":[{"href":"https:\/\/www.skygarden.at\/skygardencafe\/wp-json\/wp\/v2\/types\/page"}],"author":[{"embeddable":true,"href":"https:\/\/www.skygarden.at\/skygardencafe\/wp-json\/wp\/v2\/users\/1"}],"replies":[{"embeddable":true,"href":"https:\/\/www.skygarden.at\/skygardencafe\/wp-json\/wp\/v2\/comments?post=22"}],"version-history":[{"count":0,"href":"https:\/\/www.skygarden.at\/skygardencafe\/wp-json\/wp\/v2\/pages\/22\/revisions"}],"wp:attachment":[{"href":"https:\/\/www.skygarden.at\/skygardencafe\/wp-json\/wp\/v2\/media?parent=22"}],"curies":[{"name":"wp","href":"https:\/\/api.w.org\/{rel}","templated":true}]}}