{"id":465,"date":"2023-01-31T17:09:11","date_gmt":"2023-01-31T17:09:11","guid":{"rendered":"https:\/\/webredox.net\/demo\/wp\/candore\/?page_id=465"},"modified":"2026-02-08T17:17:56","modified_gmt":"2026-02-08T16:17:56","slug":"specials","status":"publish","type":"page","link":"https:\/\/www.skygarden.at\/skygarden\/specials\/","title":{"rendered":"Specials"},"content":{"rendered":"\t\t<div data-elementor-type=\"wp-page\" data-elementor-id=\"465\" class=\"elementor elementor-465\" data-elementor-post-type=\"page\">\n\t\t\t\t\t\t<section class=\"elementor-section elementor-top-section elementor-element elementor-element-35e9ddc6 elementor-section-full_width elementor-section-height-full elementor-section-height-default elementor-section-items-middle\" data-id=\"35e9ddc6\" data-element_type=\"section\" data-e-type=\"section\">\n\t\t\t\t\t\t<div class=\"elementor-container elementor-column-gap-no\">\n\t\t\t\t\t<div class=\"elementor-column elementor-col-100 elementor-top-column elementor-element elementor-element-6e528dcb\" data-id=\"6e528dcb\" data-element_type=\"column\" data-e-type=\"column\">\n\t\t\t<div class=\"elementor-widget-wrap elementor-element-populated\">\n\t\t\t\t\t\t<div class=\"elementor-element elementor-element-53bd0b85 elementor-widget elementor-widget-candore-banner-image\" data-id=\"53bd0b85\" data-element_type=\"widget\" data-e-type=\"widget\" data-widget_type=\"candore-banner-image.default\">\n\t\t\t\t<div class=\"elementor-widget-container\">\n\t\t\t\t\t\t\t\n\t\t\n\t\t<header class=\"header \">\n        \n            <!-- The opacity on the image is made with \"data-overlay-dark=\"number\". You can change it using the numbers 0-9. -->\n            \t\t\t<div class=\"video-fullscreen-wrap full-height valign bg-img-d bg-fixed\" data-overlay-dark=\"6\" data-background=\"https:\/\/www.skygarden.at\/skygarden\/wp-content\/uploads\/2024\/10\/Design-ohne-Titel-7-e1730225461144.jpg\">\n\t\t\t\t\t\t                <div class=\"v-middle caption overlay \">\n                    <div class=\"container\">\n                        <div class=\"row\">\n                            <div class=\"col-md-12 text-center\">\n                                \t\t\t\t\t\t\t\t<h6 class=\"cd-intro-title-h6\">\u00fcber den D\u00e4chern von Linz<\/h6>\n\t\t\t\t\t\t\t\t                                <h1 class=\"cd-intro-title-h1\">\n\t\t\t\t\t\t\t\t\t\t\t\t\t\t\t\t\t\tUNSERE SPECIALS\t\t\t\t\t\t\t\t\t\t\t\t\t\t\t\t\t\t\t\t\t\t\t\t\t\t\t<span>F\u00fcr Sie und Ihre Liebsten<\/span>\n\t\t\t\t\t\t\t\t\t\t\t\t\t\t\t\t\t<\/h4>\n\t\t\t\t\t\t\t\t\t\t\t\t\t\t\t\t                            <\/div>\n\t\t\t\t\t\t<\/div>\n                    <\/div>\n                <\/div>\n\t\t\t            <\/div>\n\t\t\n\t\t\n\t\t\t\t\t\t\n    <\/header>\t\t\n\n        \t\t\t\t<\/div>\n\t\t\t\t<\/div>\n\t\t\t\t\t<\/div>\n\t\t<\/div>\n\t\t\t\t\t<\/div>\n\t\t<\/section>\n\t\t\t\t<section class=\"elementor-section elementor-top-section elementor-element elementor-element-da2abac elementor-section-boxed elementor-section-height-default elementor-section-height-default\" data-id=\"da2abac\" data-element_type=\"section\" data-e-type=\"section\">\n\t\t\t\t\t\t<div class=\"elementor-container elementor-column-gap-default\">\n\t\t\t\t\t<div class=\"elementor-column elementor-col-100 elementor-top-column elementor-element elementor-element-b284d56\" data-id=\"b284d56\" data-element_type=\"column\" data-e-type=\"column\">\n\t\t\t<div class=\"elementor-widget-wrap elementor-element-populated\">\n\t\t\t\t\t\t<div class=\"elementor-element elementor-element-957b47e elementor-widget elementor-widget-candore-feature\" data-id=\"957b47e\" data-element_type=\"widget\" data-e-type=\"widget\" data-widget_type=\"candore-feature.default\">\n\t\t\t\t<div class=\"elementor-widget-container\">\n\t\t\t\t\t\t\t\t\t<div class=\"features row\">\n\t<div class=\"col-md-6 animate-box \" data-animate-effect=\"fadeInLeft\">\n                <div class=\"img\">\n                    <img decoding=\"async\" src=\"https:\/\/www.skygarden.at\/skygarden\/wp-content\/uploads\/2024\/10\/1-1.jpg\" alt=\"\">\n                <\/div>\n            <\/div>\n            <div class=\"col-md-6 valign animate-box text-left \" data-animate-effect=\"fadeInRight\">\n                <div class=\"wrap\">\n                    \t\t\t\t\t<div class=\"number\">01<\/div>\n\t\t\t\t\t                    <div class=\"cont\">\n                        \t\t\t\t\t\t<h3>Romantic Breakfast<\/h3>\n\t\t\t\t\t\t                       \t\t\t\t\t   <p>Starten Sie Ihren Tag mit dem \u201eRomantic Breakfast\u201c im Skygarden! Genie\u00dfen Sie unbegrenzt Kaffee, Tee oder hei\u00dfe Schokolade, einen Schinken-K\u00e4se-Lachs-Teller, Prosciutto, frisches Gem\u00fcse, Brot und Geb\u00e4ck, Marmeladen, Aufstriche, zwei Eiergerichte nach Wahl, frisch gepressten Orangensaft und Prosecco. Verf\u00fcgbar im Wintergarten von Montag bis Samstag \u2013 reservieren Sie jetzt!<\/p>\n\t\t\t\t\t   \t\t\t\t\t   \t\t\t\t\t\t\t<a href=\"\/skygarden\/reservierung\" target=\"_self\"  class=\"button-4\">Jetzt buchen <span><\/span><\/a>\n\t\t\t\t\t\t                    <\/div>\n                <\/div>\n            <\/div>\n        <\/div>\n\t\t\t\t\t\t\t\t<\/div>\n\t\t\t\t<\/div>\n\t\t\t\t<div class=\"elementor-element elementor-element-4cc064a elementor-widget elementor-widget-candore-feature\" data-id=\"4cc064a\" data-element_type=\"widget\" data-e-type=\"widget\" data-widget_type=\"candore-feature.default\">\n\t\t\t\t<div class=\"elementor-widget-container\">\n\t\t\t\t\t\t\t\t\t<div class=\"features row\">\n\t<div class=\"col-md-6 animate-box  order-md-last\" data-animate-effect=\"fadeInRight\">\n                <div class=\"img\">\n                    <img decoding=\"async\" src=\"https:\/\/www.skygarden.at\/skygarden\/wp-content\/uploads\/2024\/10\/2-2.jpg\" alt=\"\">\n                <\/div>\n            <\/div>\n            <div class=\"col-md-6 valign animate-box text-left  order-md-first\" data-animate-effect=\"fadeInLeft\">\n                <div class=\"wrap\">\n                    \t\t\t\t\t<div class=\"number\">02<\/div>\n\t\t\t\t\t                    <div class=\"cont\">\n                        \t\t\t\t\t\t<h3>Dinner for two<\/h3>\n\t\t\t\t\t\t                       \t\t\t\t\t   <p>Unser romantisches Dinner f\u00fcr zwei ist das perfekte Geschenk. Genie\u00dfen Sie ein k\u00f6stliches 4-G\u00e4nge-Men\u00fc, begleitet von einer Flasche Wein. Zur Vorspeise servieren wir Antipasti, gefolgt von Bouillon mit Einlage. Ihre Hauptspeise w\u00e4hlen Sie aus drei verschiedenen M\u00f6glichkeiten und zum Abschluss genie\u00dfen Sie ein Schokofondue und Scroppino.\nDie ideale Gelegenheit, um abzuschalten und neue Energie zu tanken. <\/p>\n\t\t\t\t\t   \t\t\t\t\t   \t\t\t\t\t\t\t<a href=\"https:\/\/www.skygarden.at\/skygarden\/wp-content\/uploads\/2026\/02\/Dinner-for-two-2026.pdf\" target=\"_self\"  class=\"button-4\">Zum Men\u00fc<span><\/span><\/a>\n\t\t\t\t\t\t                    <\/div>\n                <\/div>\n            <\/div>\n        <\/div>\n\t\t\t\t\t\t\t\t<\/div>\n\t\t\t\t<\/div>\n\t\t\t\t<div class=\"elementor-element elementor-element-2033b39 elementor-widget elementor-widget-candore-feature\" data-id=\"2033b39\" data-element_type=\"widget\" data-e-type=\"widget\" data-widget_type=\"candore-feature.default\">\n\t\t\t\t<div class=\"elementor-widget-container\">\n\t\t\t\t\t\t\t\t\t<div class=\"features row\">\n\t<div class=\"col-md-6 animate-box \" data-animate-effect=\"fadeInLeft\">\n                <div class=\"img\">\n                    <img decoding=\"async\" src=\"https:\/\/www.skygarden.at\/skygarden\/wp-content\/uploads\/2024\/10\/3-2.jpg\" alt=\"\">\n                <\/div>\n            <\/div>\n            <div class=\"col-md-6 valign animate-box text-left \" data-animate-effect=\"fadeInRight\">\n                <div class=\"wrap\">\n                    \t\t\t\t\t<div class=\"number\">03<\/div>\n\t\t\t\t\t                    <div class=\"cont\">\n                        \t\t\t\t\t\t<h3>Private-Rumtasting<\/h3>\n\t\t\t\t\t\t                       \t\t\t\t\t   <p>n der SKYGARDEN Rum-Lounge erwarten Connaisseurs spannende Neuigkeiten und eine Auswahl von \u00fcber 150 Premium-Rummarken, die st\u00e4ndig um exklusive Rarit\u00e4ten erweitert wird. Genie\u00dfen Sie in privater Atmosph\u00e4re informative Rum-Verkostungen zu Ihrem Wunschtermin und tauchen Sie in die faszinierende Welt des Rums ein \u2013 eine perfekte Gelegenheit, die Vielfalt und Geschichte dieses edlen Getr\u00e4nks zu entdecken.<\/p>\n\t\t\t\t\t   \t\t\t\t\t   \t\t\t\t\t\t\t<a href=\"\/skygarden\/reservierung\" target=\"_self\"  class=\"button-4\">jetzt buchen<span><\/span><\/a>\n\t\t\t\t\t\t                    <\/div>\n                <\/div>\n            <\/div>\n        <\/div>\n\t\t\t\t\t\t\t\t<\/div>\n\t\t\t\t<\/div>\n\t\t\t\t\t<\/div>\n\t\t<\/div>\n\t\t\t\t\t<\/div>\n\t\t<\/section>\n\t\t\t\t<\/div>\n\t\t","protected":false},"excerpt":{"rendered":"<p>\u00fcber den D\u00e4chern von Linz UNSERE SPECIALS F\u00fcr Sie und Ihre Liebsten 01 Romantic Breakfast Starten Sie Ihren Tag mit dem \u201eRomantic Breakfast\u201c im Skygarden! Genie\u00dfen Sie unbegrenzt Kaffee, Tee&#8230;<\/p>\n","protected":false},"author":1,"featured_media":0,"parent":0,"menu_order":0,"comment_status":"closed","ping_status":"closed","template":"","meta":{"footnotes":""},"class_list":["post-465","page","type-page","status-publish","hentry"],"_links":{"self":[{"href":"https:\/\/www.skygarden.at\/skygarden\/wp-json\/wp\/v2\/pages\/465","targetHints":{"allow":["GET"]}}],"collection":[{"href":"https:\/\/www.skygarden.at\/skygarden\/wp-json\/wp\/v2\/pages"}],"about":[{"href":"https:\/\/www.skygarden.at\/skygarden\/wp-json\/wp\/v2\/types\/page"}],"author":[{"embeddable":true,"href":"https:\/\/www.skygarden.at\/skygarden\/wp-json\/wp\/v2\/users\/1"}],"replies":[{"embeddable":true,"href":"https:\/\/www.skygarden.at\/skygarden\/wp-json\/wp\/v2\/comments?post=465"}],"version-history":[{"count":42,"href":"https:\/\/www.skygarden.at\/skygarden\/wp-json\/wp\/v2\/pages\/465\/revisions"}],"predecessor-version":[{"id":1528,"href":"https:\/\/www.skygarden.at\/skygarden\/wp-json\/wp\/v2\/pages\/465\/revisions\/1528"}],"wp:attachment":[{"href":"https:\/\/www.skygarden.at\/skygarden\/wp-json\/wp\/v2\/media?parent=465"}],"curies":[{"name":"wp","href":"https:\/\/api.w.org\/{rel}","templated":true}]}}