{"id":412,"date":"2023-01-28T20:40:32","date_gmt":"2023-01-28T20:40:32","guid":{"rendered":"https:\/\/webredox.net\/demo\/wp\/candore\/?page_id=412"},"modified":"2024-11-22T14:39:18","modified_gmt":"2024-11-22T13:39:18","slug":"rum","status":"publish","type":"page","link":"https:\/\/www.skygarden.at\/skygarden\/rum\/","title":{"rendered":"RUM"},"content":{"rendered":"\t\t<div data-elementor-type=\"wp-page\" data-elementor-id=\"412\" class=\"elementor elementor-412\" data-elementor-post-type=\"page\">\n\t\t\t\t\t\t<section class=\"elementor-section elementor-top-section elementor-element elementor-element-56ee7c9 elementor-section-full_width elementor-section-height-full elementor-section-height-default elementor-section-items-middle\" data-id=\"56ee7c9\" data-element_type=\"section\" data-e-type=\"section\">\n\t\t\t\t\t\t<div class=\"elementor-container elementor-column-gap-no\">\n\t\t\t\t\t<div class=\"elementor-column elementor-col-100 elementor-top-column elementor-element elementor-element-254d8e0\" data-id=\"254d8e0\" data-element_type=\"column\" data-e-type=\"column\">\n\t\t\t<div class=\"elementor-widget-wrap elementor-element-populated\">\n\t\t\t\t\t\t<div class=\"elementor-element elementor-element-c1568bd elementor-widget elementor-widget-candore-banner-image\" data-id=\"c1568bd\" data-element_type=\"widget\" data-e-type=\"widget\" data-widget_type=\"candore-banner-image.default\">\n\t\t\t\t<div class=\"elementor-widget-container\">\n\t\t\t\t\t\t\t\n\t\t\n\t\t<header class=\"header \">\n        \n            <!-- The opacity on the image is made with \"data-overlay-dark=\"number\". You can change it using the numbers 0-9. -->\n            \t\t\t<div class=\"video-fullscreen-wrap full-height valign bg-img-d bg-fixed\" data-overlay-dark=\"5\" data-background=\"https:\/\/www.skygarden.at\/skygarden\/wp-content\/uploads\/2024\/10\/Design-ohne-Titel-6-e1730228395914.jpg\">\n\t\t\t\t\t\t                <div class=\"v-middle caption overlay \">\n                    <div class=\"container\">\n                        <div class=\"row\">\n                            <div class=\"col-md-12 text-center\">\n                                \t\t\t\t\t\t\t\t<h6 class=\"cd-intro-title-h6\">nur das beste<\/h6>\n\t\t\t\t\t\t\t\t                                <h1 class=\"cd-intro-title-h1\">\n\t\t\t\t\t\t\t\t\t\t\t\t\t\t\t\t\t\tRUM\t\t\t\t\t\t\t\t\t\t\t\t\t\t\t\t\t\t\t\t\t\t\t\t\t\t\t<span>Connaisseurs &amp; Connoisseuses<\/span>\n\t\t\t\t\t\t\t\t\t\t\t\t\t\t\t\t\t<\/h4>\n\t\t\t\t\t\t\t\t\t\t\t\t\t\t\t\t                            <\/div>\n\t\t\t\t\t\t<\/div>\n                    <\/div>\n                <\/div>\n\t\t\t            <\/div>\n\t\t\n\t\t\n\t\t\t\t\t\t\n    <\/header>\t\t\n\n        \t\t\t\t<\/div>\n\t\t\t\t<\/div>\n\t\t\t\t\t<\/div>\n\t\t<\/div>\n\t\t\t\t\t<\/div>\n\t\t<\/section>\n\t\t\t\t<section class=\"elementor-section elementor-top-section elementor-element elementor-element-35a3366 elementor-section-boxed elementor-section-height-default elementor-section-height-default\" data-id=\"35a3366\" data-element_type=\"section\" data-e-type=\"section\" id=\"test\">\n\t\t\t\t\t\t<div class=\"elementor-container elementor-column-gap-default\">\n\t\t\t\t\t<div class=\"elementor-column elementor-col-100 elementor-top-column elementor-element elementor-element-f87e95c\" data-id=\"f87e95c\" data-element_type=\"column\" data-e-type=\"column\">\n\t\t\t<div class=\"elementor-widget-wrap elementor-element-populated\">\n\t\t\t\t\t\t<div class=\"elementor-section elementor-inner-section elementor-element elementor-element-7c016e36 elementor-section-full_width elementor-section-height-default elementor-section-height-default\" data-id=\"7c016e36\" data-element_type=\"section\" data-e-type=\"section\">\n\t\t\t\t\t\t<div class=\"elementor-container elementor-column-gap-default\">\n\t\t\t\t\t<div class=\"elementor-column elementor-col-33 elementor-inner-column elementor-element elementor-element-8c90d95\" data-id=\"8c90d95\" data-element_type=\"column\" data-e-type=\"column\">\n\t\t\t<div class=\"elementor-widget-wrap elementor-element-populated\">\n\t\t\t\t\t\t<div class=\"elementor-element elementor-element-248bd22d elementor-widget elementor-widget-candore-sec-title\" data-id=\"248bd22d\" data-element_type=\"widget\" data-e-type=\"widget\" data-widget_type=\"candore-sec-title.default\">\n\t\t\t\t<div class=\"elementor-widget-container\">\n\t\t\t\t\t\t\t<div class=\"section-head mb-0 text-left \">\n\t\t\t\t\t\t<h6 class=\"section-subtitle\">Skygarden Rumspezialit\u00e4ten<\/h6>\n\t\t\t\t\t\t            <h5 class=\"section-title\">LET'S RUM TOGETHER!<\/h5>\n\t\t\t\t\t\t\t\t\t\t\t<\/div>\n\t\t\t\t\t\t<\/div>\n\t\t\t\t<\/div>\n\t\t\t\t<div class=\"elementor-element elementor-element-22100ddf elementor-widget elementor-widget-candore-text-block\" data-id=\"22100ddf\" data-element_type=\"widget\" data-e-type=\"widget\" data-widget_type=\"candore-text-block.default\">\n\t\t\t\t<div class=\"elementor-widget-container\">\n\t\t\t\t\t\t\t<div class=\" text-left  candore-text-block\">\r\n\t\t<p>F\u00fcr Connaisseurs h\u00e4lt die SKYGARDEN Rum-Lounge regelm\u00e4\u00dfig spannende Neuigkeiten bereit. Neben den bereits beeindruckenden 150 Premium-Rummarken erweitern wir st\u00e4ndig unser Sortiment mit neuen und exklusiven Sorten. Erleben Sie in privater Atmosph\u00e4re zusammen mit Freunden informative und genussvolle Rum-Verkostungen zu Ihrem Wunschtermin. Tauchen Sie ein in die Welt des Rums und entdecken Sie edelste Rumspezialit\u00e4ten in einem einzigartigen Setting. Unsere Rum-Lounge bietet Ihnen die perfekte Gelegenheit, tief in die Vielfalt und die Geschichte dieses edlen Getr\u00e4nks einzutauchen!<\/p>\t\t<\/div>\r\n        \t\t\t\t<\/div>\n\t\t\t\t<\/div>\n\t\t\t\t<div class=\"elementor-element elementor-element-ab52865 elementor-widget elementor-widget-candore-contact\" data-id=\"ab52865\" data-element_type=\"widget\" data-e-type=\"widget\" data-widget_type=\"candore-contact.default\">\n\t\t\t\t<div class=\"elementor-widget-container\">\n\t\t\t\t\t        \t\t<div class=\"reservations cd-reservations\">\n\t\t            <div class=\"icon\">\n\t\t\t\t\t\t\t<span class=\"\"><\/span>\n\t\t\t\t\t\t<\/div>\n\t\t            <div class=\"text\">\n\t\t\t\t                <p>jetzt private-tasting buchen<\/p>\n\t\t\t\t\t\t\t\t\t\t\n\t\t\t\t\t<a href=\"tel:06645141867\">0664 5141867<\/a>\n\t\t\t\t            <\/div>\n        <\/div>\n\t\t\t\t\n        \t\t\t\t<\/div>\n\t\t\t\t<\/div>\n\t\t\t\t\t<\/div>\n\t\t<\/div>\n\t\t\t\t<div class=\"elementor-column elementor-col-33 elementor-inner-column elementor-element elementor-element-15590e30\" data-id=\"15590e30\" data-element_type=\"column\" data-e-type=\"column\">\n\t\t\t<div class=\"elementor-widget-wrap elementor-element-populated\">\n\t\t\t\t\t\t<div class=\"elementor-element elementor-element-16c67346 elementor-widget elementor-widget-image\" data-id=\"16c67346\" data-element_type=\"widget\" data-e-type=\"widget\" data-widget_type=\"image.default\">\n\t\t\t\t<div class=\"elementor-widget-container\">\n\t\t\t\t\t\t\t\t\t\t\t\t\t\t\t<img fetchpriority=\"high\" decoding=\"async\" width=\"1341\" height=\"1546\" src=\"https:\/\/www.skygarden.at\/skygarden\/wp-content\/uploads\/2024\/10\/Design-ohne-Titel-7-e1730225461144.jpg\" class=\"attachment-full size-full wp-image-1021\" alt=\"\" srcset=\"https:\/\/www.skygarden.at\/skygarden\/wp-content\/uploads\/2024\/10\/Design-ohne-Titel-7-e1730225461144.jpg 1341w, https:\/\/www.skygarden.at\/skygarden\/wp-content\/uploads\/2024\/10\/Design-ohne-Titel-7-e1730225461144-260x300.jpg 260w, https:\/\/www.skygarden.at\/skygarden\/wp-content\/uploads\/2024\/10\/Design-ohne-Titel-7-e1730225461144-888x1024.jpg 888w, https:\/\/www.skygarden.at\/skygarden\/wp-content\/uploads\/2024\/10\/Design-ohne-Titel-7-e1730225461144-768x885.jpg 768w, https:\/\/www.skygarden.at\/skygarden\/wp-content\/uploads\/2024\/10\/Design-ohne-Titel-7-e1730225461144-1332x1536.jpg 1332w\" sizes=\"(max-width: 1341px) 100vw, 1341px\" \/>\t\t\t\t\t\t\t\t\t\t\t\t\t\t\t<\/div>\n\t\t\t\t<\/div>\n\t\t\t\t\t<\/div>\n\t\t<\/div>\n\t\t\t\t<div class=\"elementor-column elementor-col-33 elementor-inner-column elementor-element elementor-element-48649b37\" data-id=\"48649b37\" data-element_type=\"column\" data-e-type=\"column\">\n\t\t\t<div class=\"elementor-widget-wrap elementor-element-populated\">\n\t\t\t\t\t\t<div class=\"elementor-element elementor-element-481c0cb2 elementor-widget elementor-widget-image\" data-id=\"481c0cb2\" data-element_type=\"widget\" data-e-type=\"widget\" data-widget_type=\"image.default\">\n\t\t\t\t<div class=\"elementor-widget-container\">\n\t\t\t\t\t\t\t\t\t\t\t\t\t\t\t<img decoding=\"async\" width=\"1365\" height=\"2048\" src=\"https:\/\/www.skygarden.at\/skygarden\/wp-content\/uploads\/2024\/10\/Design-ohne-Titel-6-Kopie.jpg\" class=\"attachment-full size-full wp-image-1022\" alt=\"\" srcset=\"https:\/\/www.skygarden.at\/skygarden\/wp-content\/uploads\/2024\/10\/Design-ohne-Titel-6-Kopie.jpg 1365w, https:\/\/www.skygarden.at\/skygarden\/wp-content\/uploads\/2024\/10\/Design-ohne-Titel-6-Kopie-200x300.jpg 200w, https:\/\/www.skygarden.at\/skygarden\/wp-content\/uploads\/2024\/10\/Design-ohne-Titel-6-Kopie-683x1024.jpg 683w, https:\/\/www.skygarden.at\/skygarden\/wp-content\/uploads\/2024\/10\/Design-ohne-Titel-6-Kopie-768x1152.jpg 768w, https:\/\/www.skygarden.at\/skygarden\/wp-content\/uploads\/2024\/10\/Design-ohne-Titel-6-Kopie-1024x1536.jpg 1024w\" sizes=\"(max-width: 1365px) 100vw, 1365px\" \/>\t\t\t\t\t\t\t\t\t\t\t\t\t\t\t<\/div>\n\t\t\t\t<\/div>\n\t\t\t\t\t<\/div>\n\t\t<\/div>\n\t\t\t\t\t<\/div>\n\t\t<\/div>\n\t\t\t\t\t<\/div>\n\t\t<\/div>\n\t\t\t\t\t<\/div>\n\t\t<\/section>\n\t\t\t\t<section class=\"elementor-section elementor-top-section elementor-element elementor-element-e037b7e elementor-section-boxed elementor-section-height-default elementor-section-height-default\" data-id=\"e037b7e\" data-element_type=\"section\" data-e-type=\"section\">\n\t\t\t\t\t\t<div class=\"elementor-container elementor-column-gap-default\">\n\t\t\t\t\t<div class=\"elementor-column elementor-col-100 elementor-top-column elementor-element elementor-element-5ab9f28\" data-id=\"5ab9f28\" data-element_type=\"column\" data-e-type=\"column\">\n\t\t\t<div class=\"elementor-widget-wrap elementor-element-populated\">\n\t\t\t\t\t\t<div class=\"elementor-element elementor-element-ce4c6fd elementor-widget elementor-widget-candore-sec-title\" data-id=\"ce4c6fd\" data-element_type=\"widget\" data-e-type=\"widget\" data-widget_type=\"candore-sec-title.default\">\n\t\t\t\t<div class=\"elementor-widget-container\">\n\t\t\t\t\t\t\t<div class=\"section-head mb-0 text-center \">\n\t\t\t\t\t\t<h6 class=\"section-subtitle\">EIN KLEINER AUSZUG UNSERER<\/h6>\n\t\t\t\t\t\t            <h5 class=\"section-title\">RUM SPEZIALIT\u00c4TEN<\/h5>\n\t\t\t\t\t\t\t\t\t\t\t<\/div>\n\t\t\t\t\t\t<\/div>\n\t\t\t\t<\/div>\n\t\t\t\t<div class=\"elementor-element elementor-element-452b04e elementor-widget elementor-widget-candore-feature\" data-id=\"452b04e\" data-element_type=\"widget\" data-e-type=\"widget\" data-widget_type=\"candore-feature.default\">\n\t\t\t\t<div class=\"elementor-widget-container\">\n\t\t\t\t\t\t\t\t\t<div class=\"features row\">\n\t<div class=\"col-md-6 animate-box \" data-animate-effect=\"fadeInLeft\">\n                <div class=\"img\">\n                    <img decoding=\"async\" src=\"https:\/\/www.skygarden.at\/skygarden\/wp-content\/uploads\/2024\/10\/IMG_5771-2-scaled.jpg\" alt=\"\">\n                <\/div>\n            <\/div>\n            <div class=\"col-md-6 valign animate-box text-left \" data-animate-effect=\"fadeInRight\">\n                <div class=\"wrap\">\n                    \t\t\t\t\t<div class=\"number\">01<\/div>\n\t\t\t\t\t                    <div class=\"cont\">\n                        \t\t\t\t\t\t<h3>Plantation Extra Old, 20th Aniversary <\/h3>\n\t\t\t\t\t\t                       \t\t\t\t\t   <p>Eine gelungene Jubil\u00e4umsausgabe. Erst gereift in Bourbonf\u00e4ssern, dann in kleinen\nF\u00e4ssern aus franz\u00f6sischer Eiche. Unglaublich samtiger und \u201es\u00fc\u00dfer\u201c Rum.\nKaramell, Marzipan und Vanille, unterlegt mit deutlicher Kokosnu\u00df .\nAusgewogenheit und Balance zwischen Fruchtigkeit und S\u00fc\u00dfe.  <\/p>\n\t\t\t\t\t   \t\t\t\t\t   \t\t\t\t\t\t\t<a href=\"#\" target=\"_self\"  class=\"button-4\">Barbados, Karibik<span><\/span><\/a>\n\t\t\t\t\t\t                    <\/div>\n                <\/div>\n            <\/div>\n        <\/div>\n\t\t\t\t\t\t\t\t<\/div>\n\t\t\t\t<\/div>\n\t\t\t\t<div class=\"elementor-element elementor-element-32fe3e5 elementor-widget elementor-widget-candore-feature\" data-id=\"32fe3e5\" data-element_type=\"widget\" data-e-type=\"widget\" data-widget_type=\"candore-feature.default\">\n\t\t\t\t<div class=\"elementor-widget-container\">\n\t\t\t\t\t\t\t\t\t<div class=\"features row\">\n\t<div class=\"col-md-6 animate-box  order-md-last\" data-animate-effect=\"fadeInRight\">\n                <div class=\"img\">\n                    <img decoding=\"async\" src=\"https:\/\/www.skygarden.at\/skygarden\/wp-content\/uploads\/2024\/10\/IMG_5772-2-scaled.jpg\" alt=\"\">\n                <\/div>\n            <\/div>\n            <div class=\"col-md-6 valign animate-box text-left  order-md-first\" data-animate-effect=\"fadeInLeft\">\n                <div class=\"wrap\">\n                    \t\t\t\t\t<div class=\"number\">02<\/div>\n\t\t\t\t\t                    <div class=\"cont\">\n                        \t\t\t\t\t\t<h3>Dictador  XO  Insolent, 40% <\/h3>\n\t\t\t\t\t\t                       \t\t\t\t\t   <p>Dictador XO Insolent ist ein Schmaus f\u00fcr den Gaumen!  Getreu dem spanischen Rumstil - vollmundig, dabei leicht, s\u00fc\u00df und s\u00fcffig. Destilliert wird in Column Stills und gelagert in Eichenf\u00e4ssern aus dem spanischen Jerez. Das Resultat ist ein vielseitiger Rum, der mit einem intensiven und s\u00fc\u00dflichen Aroma daherkommt.\nNase: eine dichte Duftwolke von Kakao, Schokolade, Kaffee, Karamell und einem Hauch von Eichenholz. Gaumen: Volumin\u00f6s im Mund, wiederum Kaffee, ein Hauch Kokosmark, Karamell und cremige Schokolade harmonieren perfekt miteinander.  Finish: langer und cremig-weicher Abgang<\/p>\n\t\t\t\t\t   \t\t\t\t\t   \t\t\t\t\t\t\t<a href=\"#\" target=\"_self\"  class=\"button-4\">KOLUMBIEN<span><\/span><\/a>\n\t\t\t\t\t\t                    <\/div>\n                <\/div>\n            <\/div>\n        <\/div>\n\t\t\t\t\t\t\t\t<\/div>\n\t\t\t\t<\/div>\n\t\t\t\t<div class=\"elementor-element elementor-element-646929a elementor-widget elementor-widget-candore-feature\" data-id=\"646929a\" data-element_type=\"widget\" data-e-type=\"widget\" data-widget_type=\"candore-feature.default\">\n\t\t\t\t<div class=\"elementor-widget-container\">\n\t\t\t\t\t\t\t\t\t<div class=\"features row\">\n\t<div class=\"col-md-6 animate-box \" data-animate-effect=\"fadeInLeft\">\n                <div class=\"img\">\n                    <img decoding=\"async\" src=\"https:\/\/www.skygarden.at\/skygarden\/wp-content\/uploads\/2024\/10\/IMG_5773-2-scaled.jpg\" alt=\"\">\n                <\/div>\n            <\/div>\n            <div class=\"col-md-6 valign animate-box text-left \" data-animate-effect=\"fadeInRight\">\n                <div class=\"wrap\">\n                    \t\t\t\t\t<div class=\"number\">03<\/div>\n\t\t\t\t\t                    <div class=\"cont\">\n                        \t\t\t\t\t\t<h3>Millonario XO 20y Reserva Especial <\/h3>\n\t\t\t\t\t\t                       \t\t\t\t\t   <p>Seine Komplexit\u00e4t, Aromen und unvergleichlichen runden Geschmack erh\u00e4lt er durch\nFassreifung von bis zu 20 Jahren in amerikanischer und slawonischer Eiche im Soleraverfahren.\nIn der Nase warme T\u00f6ne von Vanille, Holz und Karamell unterlegt mit Nuancen von Orange, Zimt und Schokolade. Auf Zunge und Gaumen eine Fortsetzung mit kr\u00e4ftiger Textur, gepaart mit unglaublich eleganter, cremiger S\u00fc\u00dfe und von feiner, eleganter,\npfeffriger Sch\u00e4rfe charaktervoll begleitet. Ankl\u00e4nge von Rosinen, Trockenfr\u00fcchten und Marzipan bringen einen lange anhaltenden Abgang.  <\/p>\n\t\t\t\t\t   \t\t\t\t\t   \t\t\t\t\t\t\t<a href=\"#\" target=\"_self\"  class=\"button-4\">PERU, S\u00dcDAMERIKA<span><\/span><\/a>\n\t\t\t\t\t\t                    <\/div>\n                <\/div>\n            <\/div>\n        <\/div>\n\t\t\t\t\t\t\t\t<\/div>\n\t\t\t\t<\/div>\n\t\t\t\t<div class=\"elementor-element elementor-element-305f0f1 elementor-widget elementor-widget-candore-feature\" data-id=\"305f0f1\" data-element_type=\"widget\" data-e-type=\"widget\" data-widget_type=\"candore-feature.default\">\n\t\t\t\t<div class=\"elementor-widget-container\">\n\t\t\t\t\t\t\t\t\t<div class=\"features row\">\n\t<div class=\"col-md-6 animate-box  order-md-last\" data-animate-effect=\"fadeInRight\">\n                <div class=\"img\">\n                    <img decoding=\"async\" src=\"https:\/\/www.skygarden.at\/skygarden\/wp-content\/uploads\/2024\/10\/IMG_5770-2-scaled.jpg\" alt=\"\">\n                <\/div>\n            <\/div>\n            <div class=\"col-md-6 valign animate-box text-left  order-md-first\" data-animate-effect=\"fadeInLeft\">\n                <div class=\"wrap\">\n                    \t\t\t\t\t<div class=\"number\">04<\/div>\n\t\t\t\t\t                    <div class=\"cont\">\n                        \t\t\t\t\t\t<h3>A.H. Riise  NPU \u2013 \u201cBlack Edition\u201d<\/h3>\n\t\t\t\t\t\t                       \t\t\t\t\t   <p>\u201cBlack Edition\u201d bedeutet meist eine Reifung in alten ausgesuchten, doppelt ausgebrannten F\u00e4ssern. Aroma und Geschmack \u00fcberzeugen auf der ganzen Linie.\nDer Melasse Rum gibt sich elegant und sehr komplex. Fruchtige Noten von Orange  mit Ankl\u00e4ngen von Tabak, Eiche, Zeder und Vanille mit feiner dezenten, rauchiger Note.\nCremig, s\u00fc\u00df und samtig, begleitet von Mandel, Schokolade und Tabak auf der Zunge mit langem Abgang ist er einer der besten und \u00e4ltesten Rum aus dem Hause Riise. Nase: eine dichte Duftwolke von Kakao, Schokolade, Kaffee, Karamell und einem Hauch von Eichenholz. Gaumen: Volumin\u00f6s im Mund, wiederum Kaffee, ein Hauch Kokosmark, Karamell und cremige Schokolade harmonieren perfekt miteinander.  Finish: langer und cremig-weicher Abgang<\/p>\n\t\t\t\t\t   \t\t\t\t\t   \t\t\t\t\t\t\t<a href=\"#\" target=\"_self\"  class=\"button-4\">VIRGIN ISLAND<span><\/span><\/a>\n\t\t\t\t\t\t                    <\/div>\n                <\/div>\n            <\/div>\n        <\/div>\n\t\t\t\t\t\t\t\t<\/div>\n\t\t\t\t<\/div>\n\t\t\t\t<div class=\"elementor-element elementor-element-526c7c7 elementor-widget elementor-widget-candore-feature\" data-id=\"526c7c7\" data-element_type=\"widget\" data-e-type=\"widget\" data-widget_type=\"candore-feature.default\">\n\t\t\t\t<div class=\"elementor-widget-container\">\n\t\t\t\t\t\t\t\t\t<div class=\"features row\">\n\t<div class=\"col-md-6 animate-box \" data-animate-effect=\"fadeInLeft\">\n                <div class=\"img\">\n                    <img decoding=\"async\" src=\"https:\/\/www.skygarden.at\/skygarden\/wp-content\/uploads\/2024\/10\/IMG_5769-2-scaled.jpg\" alt=\"\">\n                <\/div>\n            <\/div>\n            <div class=\"col-md-6 valign animate-box text-left \" data-animate-effect=\"fadeInRight\">\n                <div class=\"wrap\">\n                    \t\t\t\t\t<div class=\"number\">05<\/div>\n\t\t\t\t\t                    <div class=\"cont\">\n                        \t\t\t\t\t\t<h3>Ron Zacapa  XO  Centenario, 40%<\/h3>\n\t\t\t\t\t\t                       \t\t\t\t\t   <p>Der Centenario XO ist das elegante und ungeheuer aromenreiche Glanzst\u00fcck aus der Zacapa Familie. \u201cDer Cognac unter den Rums\u201d.  Dieser erlesene Tropfen wird im Solera-Verfahren hergestellt und reift dabei in ehemaligen Whisky-, Wein- und Sherry-F\u00e4ssern. Seine Schlussreife erh\u00e4lt der Centenario XO in franz\u00f6sischen Cognac F\u00e4ssern.                                                                                    Ron Zacapa wird aus 6 bis 25 Jahre alten Rumsorten komponiert                                                                                                                                  Nase: intensive, Aromenvielfalt, mit Nuancen von Eiche, Karamell, ger\u00f6steten N\u00fcssen, Marzipan und Orangenschale.\nGaumen: herrliche Balance aus S\u00fc\u00dfe, Frucht und W\u00fcrze, mit reichen Noten von Schokolade, Trockenfr\u00fcchten, Rosinen und Pflaumen, sowie einem s\u00fc\u00dfen Eichenaroma, Vanille und Zimt -                                                                                                                              Finish: lang und intensiv, mit einem subtilen Touch von Ingwer.<\/p>\n\t\t\t\t\t   \t\t\t\t\t   \t\t\t\t\t\t\t<a href=\"#\" target=\"_self\"  class=\"button-4\">GUATEMALA<span><\/span><\/a>\n\t\t\t\t\t\t                    <\/div>\n                <\/div>\n            <\/div>\n        <\/div>\n\t\t\t\t\t\t\t\t<\/div>\n\t\t\t\t<\/div>\n\t\t\t\t\t<\/div>\n\t\t<\/div>\n\t\t\t\t\t<\/div>\n\t\t<\/section>\n\t\t\t\t<\/div>\n\t\t","protected":false},"excerpt":{"rendered":"<p>nur das beste RUM Connaisseurs &amp; Connoisseuses Skygarden Rumspezialit\u00e4ten LET&#8217;S RUM TOGETHER! F\u00fcr Connaisseurs h\u00e4lt die SKYGARDEN Rum-Lounge regelm\u00e4\u00dfig spannende Neuigkeiten bereit. Neben den bereits beeindruckenden 150 Premium-Rummarken erweitern wir&#8230;<\/p>\n","protected":false},"author":1,"featured_media":0,"parent":0,"menu_order":0,"comment_status":"closed","ping_status":"closed","template":"","meta":{"footnotes":""},"class_list":["post-412","page","type-page","status-publish","hentry"],"_links":{"self":[{"href":"https:\/\/www.skygarden.at\/skygarden\/wp-json\/wp\/v2\/pages\/412","targetHints":{"allow":["GET"]}}],"collection":[{"href":"https:\/\/www.skygarden.at\/skygarden\/wp-json\/wp\/v2\/pages"}],"about":[{"href":"https:\/\/www.skygarden.at\/skygarden\/wp-json\/wp\/v2\/types\/page"}],"author":[{"embeddable":true,"href":"https:\/\/www.skygarden.at\/skygarden\/wp-json\/wp\/v2\/users\/1"}],"replies":[{"embeddable":true,"href":"https:\/\/www.skygarden.at\/skygarden\/wp-json\/wp\/v2\/comments?post=412"}],"version-history":[{"count":23,"href":"https:\/\/www.skygarden.at\/skygarden\/wp-json\/wp\/v2\/pages\/412\/revisions"}],"predecessor-version":[{"id":1188,"href":"https:\/\/www.skygarden.at\/skygarden\/wp-json\/wp\/v2\/pages\/412\/revisions\/1188"}],"wp:attachment":[{"href":"https:\/\/www.skygarden.at\/skygarden\/wp-json\/wp\/v2\/media?parent=412"}],"curies":[{"name":"wp","href":"https:\/\/api.w.org\/{rel}","templated":true}]}}