{"id":1406,"date":"2025-09-04T14:15:16","date_gmt":"2025-09-04T12:15:16","guid":{"rendered":"https:\/\/www.skygarden.at\/skygarden\/?page_id=1406"},"modified":"2025-10-27T11:49:44","modified_gmt":"2025-10-27T10:49:44","slug":"events","status":"publish","type":"page","link":"https:\/\/www.skygarden.at\/skygarden\/events\/","title":{"rendered":"Events"},"content":{"rendered":"\t\t<div data-elementor-type=\"wp-page\" data-elementor-id=\"1406\" class=\"elementor elementor-1406\" data-elementor-post-type=\"page\">\n\t\t\t\t\t\t<section class=\"elementor-section elementor-top-section elementor-element elementor-element-56ee7c9 elementor-section-full_width elementor-section-height-full elementor-section-height-default elementor-section-items-middle\" data-id=\"56ee7c9\" data-element_type=\"section\" data-e-type=\"section\">\n\t\t\t\t\t\t<div class=\"elementor-container elementor-column-gap-no\">\n\t\t\t\t\t<div class=\"elementor-column elementor-col-100 elementor-top-column elementor-element elementor-element-254d8e0\" data-id=\"254d8e0\" data-element_type=\"column\" data-e-type=\"column\">\n\t\t\t<div class=\"elementor-widget-wrap elementor-element-populated\">\n\t\t\t\t\t\t<div class=\"elementor-element elementor-element-c1568bd elementor-widget elementor-widget-candore-banner-image\" data-id=\"c1568bd\" data-element_type=\"widget\" data-e-type=\"widget\" data-widget_type=\"candore-banner-image.default\">\n\t\t\t\t<div class=\"elementor-widget-container\">\n\t\t\t\t\t\t\t\n\t\t\n\t\t<header class=\"header \">\n        \n            <!-- The opacity on the image is made with \"data-overlay-dark=\"number\". You can change it using the numbers 0-9. -->\n            \t\t\t<div class=\"video-fullscreen-wrap full-height valign bg-img-d bg-fixed\" data-overlay-dark=\"5\" data-background=\"https:\/\/www.skygarden.at\/skygarden\/wp-content\/uploads\/2025\/09\/Events-Hero-image-scaled.jpg\">\n\t\t\t\t\t\t                <div class=\"v-middle caption overlay \">\n                    <div class=\"container\">\n                        <div class=\"row\">\n                            <div class=\"col-md-12 text-center\">\n                                \t\t\t\t\t\t\t\t<h6 class=\"cd-intro-title-h6\">let&#039;s celebrate<\/h6>\n\t\t\t\t\t\t\t\t                                <h1 class=\"cd-intro-title-h1\">\n\t\t\t\t\t\t\t\t\t\t\t\t\t\t\t\t\t\tEVENTS\t\t\t\t\t\t\t\t\t\t\t\t\t\t\t\t\t\t\t\t\t\t\t\t\t\t\t<span>\u00fcber den D\u00e4chern von Linz<\/span>\n\t\t\t\t\t\t\t\t\t\t\t\t\t\t\t\t\t<\/h4>\n\t\t\t\t\t\t\t\t\t\t\t\t\t\t\t\t                            <\/div>\n\t\t\t\t\t\t<\/div>\n                    <\/div>\n                <\/div>\n\t\t\t            <\/div>\n\t\t\n\t\t\n\t\t\t\t\t\t\n    <\/header>\t\t\n\n        \t\t\t\t<\/div>\n\t\t\t\t<\/div>\n\t\t\t\t\t<\/div>\n\t\t<\/div>\n\t\t\t\t\t<\/div>\n\t\t<\/section>\n\t\t\t\t<section class=\"elementor-section elementor-top-section elementor-element elementor-element-e037b7e elementor-section-boxed elementor-section-height-default elementor-section-height-default\" data-id=\"e037b7e\" data-element_type=\"section\" data-e-type=\"section\">\n\t\t\t\t\t\t<div class=\"elementor-container elementor-column-gap-default\">\n\t\t\t\t\t<div class=\"elementor-column elementor-col-100 elementor-top-column elementor-element elementor-element-5ab9f28\" data-id=\"5ab9f28\" data-element_type=\"column\" data-e-type=\"column\">\n\t\t\t<div class=\"elementor-widget-wrap elementor-element-populated\">\n\t\t\t\t\t\t<div class=\"elementor-element elementor-element-ce4c6fd elementor-widget elementor-widget-candore-sec-title\" data-id=\"ce4c6fd\" data-element_type=\"widget\" data-e-type=\"widget\" data-widget_type=\"candore-sec-title.default\">\n\t\t\t\t<div class=\"elementor-widget-container\">\n\t\t\t\t\t\t\t<div class=\"section-head mb-0 text-center \">\n\t\t\t\t\t\t<h6 class=\"section-subtitle\">ALLE ANSTEHENDEN EVENTS<\/h6>\n\t\t\t\t\t\t            <h5 class=\"section-title\">IM \u00dcBERBLICK<\/h5>\n\t\t\t\t\t\t\t\t\t\t\t<\/div>\n\t\t\t\t\t\t<\/div>\n\t\t\t\t<\/div>\n\t\t\t\t<div class=\"elementor-element elementor-element-445ce6c elementor-widget elementor-widget-spacer\" data-id=\"445ce6c\" data-element_type=\"widget\" data-e-type=\"widget\" data-widget_type=\"spacer.default\">\n\t\t\t\t<div class=\"elementor-widget-container\">\n\t\t\t\t\t\t\t<div class=\"elementor-spacer\">\n\t\t\t<div class=\"elementor-spacer-inner\"><\/div>\n\t\t<\/div>\n\t\t\t\t\t\t<\/div>\n\t\t\t\t<\/div>\n\t\t\t\t<div class=\"elementor-element elementor-element-55e12bf elementor-widget elementor-widget-candore-feature\" data-id=\"55e12bf\" data-element_type=\"widget\" data-e-type=\"widget\" data-widget_type=\"candore-feature.default\">\n\t\t\t\t<div class=\"elementor-widget-container\">\n\t\t\t\t\t\t\t\t\t<div class=\"features row\">\n\t<div class=\"col-md-6 animate-box \" data-animate-effect=\"fadeInLeft\">\n                <div class=\"img\">\n                    <img decoding=\"async\" src=\"https:\/\/www.skygarden.at\/skygarden\/wp-content\/uploads\/2025\/09\/Unknown-1.jpeg\" alt=\"\">\n                <\/div>\n            <\/div>\n            <div class=\"col-md-6 valign animate-box text-left \" data-animate-effect=\"fadeInRight\">\n                <div class=\"wrap\">\n                                        <div class=\"cont\">\n                        \t\t\t\t\t\t<h3>STEAKTAGE<\/h3>\n\t\t\t\t\t\t                       \t\t\t\t\t   <p>Ab dem 11. November 2025 verwandelt sich der Skygarden Linz in ein Paradies f\u00fcr Fleischliebhaber. Mit den Steaktagen pr\u00e4sentiert das Team eine kulinarische Reise, die sowohl internationale Steak-Spezialit\u00e4ten als auch original amerikanische Special Cuts auf die Teller bringt. Ob saftig gegrilltes Ribeye, aromatisches T-Bone oder zartes Filet \u2013 hier kommen Genie\u00dfer auf ihre Kosten und erleben Steakgenuss auf h\u00f6chstem Niveau.\nDie Steaktage laden dazu ein, den Feierabend in entspannter Atmosph\u00e4re \u00fcber den D\u00e4chern von Linz zu genie\u00dfen. Im modernen Ambiente des Skygarden wird jedes Steak frisch und mit Liebe zubereitet, begleitet von passenden Beilagen und einer Auswahl an Getr\u00e4nken, die den Abend perfekt abrunden. <\/p>\n\t\t\t\t\t   \t\t\t\t\t   \t\t\t\t\t\t\t<a href=\"#\" target=\"_self\"  class=\"button-4\">AB 11.11.2025<span><\/span><\/a>\n\t\t\t\t\t\t                    <\/div>\n                <\/div>\n            <\/div>\n        <\/div>\n\t\t\t\t\t\t\t\t<\/div>\n\t\t\t\t<\/div>\n\t\t\t\t<div class=\"elementor-element elementor-element-ea393be elementor-widget elementor-widget-spacer\" data-id=\"ea393be\" data-element_type=\"widget\" data-e-type=\"widget\" data-widget_type=\"spacer.default\">\n\t\t\t\t<div class=\"elementor-widget-container\">\n\t\t\t\t\t\t\t<div class=\"elementor-spacer\">\n\t\t\t<div class=\"elementor-spacer-inner\"><\/div>\n\t\t<\/div>\n\t\t\t\t\t\t<\/div>\n\t\t\t\t<\/div>\n\t\t\t\t<div class=\"elementor-element elementor-element-6bce351 elementor-widget elementor-widget-candore-feature\" data-id=\"6bce351\" data-element_type=\"widget\" data-e-type=\"widget\" data-widget_type=\"candore-feature.default\">\n\t\t\t\t<div class=\"elementor-widget-container\">\n\t\t\t\t\t\t\t\t\t<div class=\"features row\">\n\t<div class=\"col-md-6 animate-box \" data-animate-effect=\"fadeInLeft\">\n                <div class=\"img\">\n                    <img decoding=\"async\" src=\"https:\/\/www.skygarden.at\/skygarden\/wp-content\/uploads\/2025\/09\/Punschtage-neu.jpeg\" alt=\"http:\/\/Punsch%20\u00fcber%20den%20D\u00e4chern%20von%20Linz%20\u2013%20Sky%20Garden%20Dachterrasse%20ab%2004.11.2025%20mit%20hei\u00dfem%20Punsch%20&#038;%20Gl\u00fchmost.\">\n                <\/div>\n            <\/div>\n            <div class=\"col-md-6 valign animate-box text-left \" data-animate-effect=\"fadeInRight\">\n                <div class=\"wrap\">\n                                        <div class=\"cont\">\n                        \t\t\t\t\t\t<h3>PUNSCH \u00dcBER DEN D\u00c4CHERN VON LINZ<\/h3>\n\t\t\t\t\t\t                       \t\t\t\t\t   <p>Ab dem 06. November 2025 l\u00e4dt die Sky Garden Dachterrasse jeden Donnerstag, Freitag und Samstag ab 17 Uhr zu stimmungsvollen Winterabenden ein. Genie\u00dfe hei\u00dfen Punsch oder aromatischen Gl\u00fchmost in gem\u00fctlicher Atmosph\u00e4re hoch \u00fcber den D\u00e4chern von Linz und sp\u00fcre die besondere Stimmung der Vorweihnachtszeit. Ob mit Freunden, Familie oder Kollegen \u2013 die Dachterrasse bietet den idealen Ort, um gemeinsam die kalte Jahreszeit einzul\u00e4uten und den Tag entspannt ausklingen zu lassen.\nWir freuen uns auf deinen Besuch im Sky Garden Linz und unvergessliche Wintermomente \u00fcber den D\u00e4chern der Stadt.<\/p>\n\t\t\t\t\t   \t\t\t\t\t   \t\t\t\t\t\t\t<a href=\"#\" target=\"_self\"  class=\"button-4\">AB 06.11.2025<span><\/span><\/a>\n\t\t\t\t\t\t                    <\/div>\n                <\/div>\n            <\/div>\n        <\/div>\n\t\t\t\t\t\t\t\t<\/div>\n\t\t\t\t<\/div>\n\t\t\t\t<div class=\"elementor-element elementor-element-2b78760 elementor-widget elementor-widget-spacer\" data-id=\"2b78760\" data-element_type=\"widget\" data-e-type=\"widget\" data-widget_type=\"spacer.default\">\n\t\t\t\t<div class=\"elementor-widget-container\">\n\t\t\t\t\t\t\t<div class=\"elementor-spacer\">\n\t\t\t<div class=\"elementor-spacer-inner\"><\/div>\n\t\t<\/div>\n\t\t\t\t\t\t<\/div>\n\t\t\t\t<\/div>\n\t\t\t\t<div class=\"elementor-element elementor-element-cf639d3 elementor-widget elementor-widget-candore-feature\" data-id=\"cf639d3\" data-element_type=\"widget\" data-e-type=\"widget\" data-widget_type=\"candore-feature.default\">\n\t\t\t\t<div class=\"elementor-widget-container\">\n\t\t\t\t\t\t\t\t\t<div class=\"features row\">\n\t<div class=\"col-md-6 animate-box \" data-animate-effect=\"fadeInLeft\">\n                <div class=\"img\">\n                    <img decoding=\"async\" src=\"https:\/\/www.skygarden.at\/skygarden\/wp-content\/uploads\/2025\/10\/skygarden-silvesterparty-2025-linz-champagner-austern.jpeg\" alt=\"http:\/\/Silvester%20Afternoon%20Party%20im%20Skygarden%20Linz%20am%2031.12.2025%20\u2013%20Champagnerflasche%20wird%20ge\u00f6ffnet,%20frische%20Auster%20auf%20Eis,%20Einladung%20zu%20stilvollem%20Jahresausklang%20mit%20DJ-Musik%20und%20Panoramablick\">\n                <\/div>\n            <\/div>\n            <div class=\"col-md-6 valign animate-box text-left \" data-animate-effect=\"fadeInRight\">\n                <div class=\"wrap\">\n                                        <div class=\"cont\">\n                        \t\t\t\t\t\t<h3>SILVESTER AFTERNOON PARTY<\/h3>\n\t\t\t\t\t\t                       \t\t\t\t\t   <p>\nAm 31. Dezember ab 13 Uhr bist du herzlich zur exklusiven Skygarden Silvester Afternoon Party eingeladen. Genie\u00dfe frische Austern und ein Glas Champagner, w\u00e4hrend du gemeinsam mit Freunden auf das alte und neue Jahr anst\u00f6\u00dft. Unsere stilvolle Skybar im Herzen von Linz bietet dir einen atemberaubenden Panoramablick \u00fcber die Stadt, feinste Drinks und eine entspannte After-Lunch-Atmosph\u00e4re.\nFreu dich auf fein abgestimmte DJ-Sounds, gem\u00fctliche Stimmung und besondere Genussmomente \u2013 perfekt, um das Jahr stilvoll ausklingen zu lassen. Der Nachmittag ist die ideale Gelegenheit, um dem Trubel des Abends zu entkommen und in exklusivem Ambiente zu feiern.\nEgal ob After-Work, Jahresausklang oder Start in eine glamour\u00f6se Silvesternacht \u2013 im Skygarden Linz bist du richtig. Sichere dir rechtzeitig deinen Platz und erlebe einen besonderen Jahresabschluss \u00fcber den D\u00e4chern der Stadt.<\/p>\n\t\t\t\t\t   \t\t\t\t\t   \t\t\t\t\t\t\t<a href=\"#\" target=\"_self\"  class=\"button-4\">31.12.2025<span><\/span><\/a>\n\t\t\t\t\t\t                    <\/div>\n                <\/div>\n            <\/div>\n        <\/div>\n\t\t\t\t\t\t\t\t<\/div>\n\t\t\t\t<\/div>\n\t\t\t\t\t<\/div>\n\t\t<\/div>\n\t\t\t\t\t<\/div>\n\t\t<\/section>\n\t\t\t\t<\/div>\n\t\t","protected":false},"excerpt":{"rendered":"<p>let&#039;s celebrate EVENTS \u00fcber den D\u00e4chern von Linz ALLE ANSTEHENDEN EVENTS IM \u00dcBERBLICK STEAKTAGE Ab dem 11. November 2025 verwandelt sich der Skygarden Linz in ein Paradies f\u00fcr Fleischliebhaber. Mit&#8230;<\/p>\n","protected":false},"author":1,"featured_media":0,"parent":0,"menu_order":0,"comment_status":"closed","ping_status":"closed","template":"","meta":{"footnotes":""},"class_list":["post-1406","page","type-page","status-publish","hentry"],"_links":{"self":[{"href":"https:\/\/www.skygarden.at\/skygarden\/wp-json\/wp\/v2\/pages\/1406","targetHints":{"allow":["GET"]}}],"collection":[{"href":"https:\/\/www.skygarden.at\/skygarden\/wp-json\/wp\/v2\/pages"}],"about":[{"href":"https:\/\/www.skygarden.at\/skygarden\/wp-json\/wp\/v2\/types\/page"}],"author":[{"embeddable":true,"href":"https:\/\/www.skygarden.at\/skygarden\/wp-json\/wp\/v2\/users\/1"}],"replies":[{"embeddable":true,"href":"https:\/\/www.skygarden.at\/skygarden\/wp-json\/wp\/v2\/comments?post=1406"}],"version-history":[{"count":25,"href":"https:\/\/www.skygarden.at\/skygarden\/wp-json\/wp\/v2\/pages\/1406\/revisions"}],"predecessor-version":[{"id":1468,"href":"https:\/\/www.skygarden.at\/skygarden\/wp-json\/wp\/v2\/pages\/1406\/revisions\/1468"}],"wp:attachment":[{"href":"https:\/\/www.skygarden.at\/skygarden\/wp-json\/wp\/v2\/media?parent=1406"}],"curies":[{"name":"wp","href":"https:\/\/api.w.org\/{rel}","templated":true}]}}