{"id":1375,"date":"2025-09-03T16:17:49","date_gmt":"2025-09-03T14:17:49","guid":{"rendered":"https:\/\/www.skygarden.at\/skygarden\/?page_id=1375"},"modified":"2026-01-27T18:32:50","modified_gmt":"2026-01-27T17:32:50","slug":"feiern-im-skygarden","status":"publish","type":"page","link":"https:\/\/www.skygarden.at\/skygarden\/feiern-im-skygarden\/","title":{"rendered":"Feiern im Skygarden"},"content":{"rendered":"\t\t<div data-elementor-type=\"wp-page\" data-elementor-id=\"1375\" class=\"elementor elementor-1375\" data-elementor-post-type=\"page\">\n\t\t\t\t\t\t<section class=\"elementor-section elementor-top-section elementor-element elementor-element-56ee7c9 elementor-section-full_width elementor-section-height-full elementor-section-height-default elementor-section-items-middle\" data-id=\"56ee7c9\" data-element_type=\"section\" data-e-type=\"section\">\n\t\t\t\t\t\t<div class=\"elementor-container elementor-column-gap-no\">\n\t\t\t\t\t<div class=\"elementor-column elementor-col-100 elementor-top-column elementor-element elementor-element-254d8e0\" data-id=\"254d8e0\" data-element_type=\"column\" data-e-type=\"column\">\n\t\t\t<div class=\"elementor-widget-wrap elementor-element-populated\">\n\t\t\t\t\t\t<div class=\"elementor-element elementor-element-c1568bd elementor-widget elementor-widget-candore-banner-image\" data-id=\"c1568bd\" data-element_type=\"widget\" data-e-type=\"widget\" data-widget_type=\"candore-banner-image.default\">\n\t\t\t\t<div class=\"elementor-widget-container\">\n\t\t\t\t\t\t\t\n\t\t\n\t\t<header class=\"header \">\n        \n            <!-- The opacity on the image is made with \"data-overlay-dark=\"number\". You can change it using the numbers 0-9. -->\n            \t\t\t<div class=\"video-fullscreen-wrap full-height valign bg-img-d bg-fixed\" data-overlay-dark=\"5\" data-background=\"https:\/\/www.skygarden.at\/skygarden\/wp-content\/uploads\/2024\/10\/hef.jpg\">\n\t\t\t\t\t\t                <div class=\"v-middle caption overlay \">\n                    <div class=\"container\">\n                        <div class=\"row\">\n                            <div class=\"col-md-12 text-center\">\n                                                                <h1 class=\"cd-intro-title-h1\">\n\t\t\t\t\t\t\t\t\t\t\t\t\t\t\t\t\t\tFEIERN IM SKYGARDEN\t\t\t\t\t\t\t\t\t\t\t\t\t\t\t\t\t\t\t\t\t\t\t\t\t\t\t<span>Abteilungsfeiern \u00fcber den D\u00e4chern von Linz<\/span>\n\t\t\t\t\t\t\t\t\t\t\t\t\t\t\t\t\t<\/h4>\n\t\t\t\t\t\t\t\t\t\t\t\t\t\t\t\t                            <\/div>\n\t\t\t\t\t\t<\/div>\n                    <\/div>\n                <\/div>\n\t\t\t            <\/div>\n\t\t\n\t\t\n\t\t\t\t\t\t\n    <\/header>\t\t\n\n        \t\t\t\t<\/div>\n\t\t\t\t<\/div>\n\t\t\t\t\t<\/div>\n\t\t<\/div>\n\t\t\t\t\t<\/div>\n\t\t<\/section>\n\t\t\t\t<section class=\"elementor-section elementor-top-section elementor-element elementor-element-35a3366 elementor-section-boxed elementor-section-height-default elementor-section-height-default\" data-id=\"35a3366\" data-element_type=\"section\" data-e-type=\"section\" id=\"test\">\n\t\t\t\t\t\t<div class=\"elementor-container elementor-column-gap-default\">\n\t\t\t\t\t<div class=\"elementor-column elementor-col-100 elementor-top-column elementor-element elementor-element-f87e95c\" data-id=\"f87e95c\" data-element_type=\"column\" data-e-type=\"column\">\n\t\t\t<div class=\"elementor-widget-wrap elementor-element-populated\">\n\t\t\t\t\t\t<div class=\"elementor-section elementor-inner-section elementor-element elementor-element-7c016e36 elementor-section-full_width elementor-section-height-default elementor-section-height-default\" data-id=\"7c016e36\" data-element_type=\"section\" data-e-type=\"section\">\n\t\t\t\t\t\t<div class=\"elementor-container elementor-column-gap-default\">\n\t\t\t\t\t<div class=\"elementor-column elementor-col-33 elementor-inner-column elementor-element elementor-element-8c90d95\" data-id=\"8c90d95\" data-element_type=\"column\" data-e-type=\"column\">\n\t\t\t<div class=\"elementor-widget-wrap elementor-element-populated\">\n\t\t\t\t\t\t<div class=\"elementor-element elementor-element-248bd22d elementor-widget elementor-widget-candore-sec-title\" data-id=\"248bd22d\" data-element_type=\"widget\" data-e-type=\"widget\" data-widget_type=\"candore-sec-title.default\">\n\t\t\t\t<div class=\"elementor-widget-container\">\n\t\t\t\t\t\t\t<div class=\"section-head mb-0 text-left \">\n\t\t\t\t\t\t<h6 class=\"section-subtitle\">Skygarden Feiern<\/h6>\n\t\t\t\t\t\t            <h5 class=\"section-title\">LET'S CELEBRATE TOGETHER!<\/h5>\n\t\t\t\t\t\t\t\t\t\t\t<\/div>\n\t\t\t\t\t\t<\/div>\n\t\t\t\t<\/div>\n\t\t\t\t<div class=\"elementor-element elementor-element-22100ddf elementor-widget elementor-widget-candore-text-block\" data-id=\"22100ddf\" data-element_type=\"widget\" data-e-type=\"widget\" data-widget_type=\"candore-text-block.default\">\n\t\t\t\t<div class=\"elementor-widget-container\">\n\t\t\t\t\t\t\t<div class=\" text-left  candore-text-block\">\r\n\t\t<h4 data-start=\"139\" data-end=\"178\"><strong data-start=\"139\" data-end=\"178\">Abteilungsfeiern bis zu 20 Personen<\/strong><\/h4><p data-start=\"180\" data-end=\"511\">Wir bieten euch den perfekten Rahmen, um eure Abteilungsfeier zu einem besonderen Erlebnis zu machen.<br data-start=\"281\" data-end=\"284\" \/>In unserer stilvollen Location \u00fcber den D\u00e4chern von Linz haben wir f\u00fcr jede Abteilung ein eigenes, gem\u00fctliches Pl\u00e4tzchen vorbereitet \u2013 ideal, um gemeinsam in entspannter und exklusiver Atmosph\u00e4re Zeit miteinander zu verbringen.<\/p><p data-start=\"513\" data-end=\"820\">Startet den Abend mit einem prickelnden Aperitif auf unserer stimmungsvollen Terrasse und genie\u00dft dabei den einzigartigen Blick \u00fcber die Lichter der Stadt. Anschlie\u00dfend verw\u00f6hnen wir euch mit einem individuell abgestimmten Men\u00fc \u2013 ob klassisch, modern oder von uns zusammengestellt, ganz nach euren W\u00fcnschen.<\/p><p data-start=\"822\" data-end=\"1054\">Ob Teamevent, Abteilungsfeier oder besonderer Anlass: Wir sorgen daf\u00fcr, dass eure Feier zu einem echten Highlight wird. Freut euch auf ausgezeichnete Kulinarik, stimmungsvolle Musik und ein au\u00dfergew\u00f6hnliches Ambiente hoch \u00fcber Linz.<\/p><p data-start=\"1056\" data-end=\"1175\">Sichert euch jetzt euren Wunschtermin und macht eure Abteilungsfeier zu einem Erlebnis, das lange in Erinnerung bleibt!<\/p>\t\t<\/div>\r\n        \t\t\t\t<\/div>\n\t\t\t\t<\/div>\n\t\t\t\t<div class=\"elementor-element elementor-element-ab52865 elementor-widget elementor-widget-candore-contact\" data-id=\"ab52865\" data-element_type=\"widget\" data-e-type=\"widget\" data-widget_type=\"candore-contact.default\">\n\t\t\t\t<div class=\"elementor-widget-container\">\n\t\t\t\t\t        \t\t<div class=\"reservations cd-reservations\">\n\t\t            <div class=\"icon\">\n\t\t\t\t\t\t\t<span class=\"\"><\/span>\n\t\t\t\t\t\t<\/div>\n\t\t            <div class=\"text\">\n\t\t\t\t                <p>jetzt  buchen<\/p>\n\t\t\t\t\t\t\t\t\t\t\n\t\t\t\t\t<a href=\"tel:06644349359\">0664 4349359<\/a>\n\t\t\t\t            <\/div>\n        <\/div>\n\t\t\t\t\n        \t\t\t\t<\/div>\n\t\t\t\t<\/div>\n\t\t\t\t\t<\/div>\n\t\t<\/div>\n\t\t\t\t<div class=\"elementor-column elementor-col-33 elementor-inner-column elementor-element elementor-element-15590e30\" data-id=\"15590e30\" data-element_type=\"column\" data-e-type=\"column\">\n\t\t\t<div class=\"elementor-widget-wrap elementor-element-populated\">\n\t\t\t\t\t\t<div class=\"elementor-element elementor-element-16c67346 elementor-widget elementor-widget-image\" data-id=\"16c67346\" data-element_type=\"widget\" data-e-type=\"widget\" data-widget_type=\"image.default\">\n\t\t\t\t<div class=\"elementor-widget-container\">\n\t\t\t\t\t\t\t\t\t\t\t\t\t\t\t<img fetchpriority=\"high\" decoding=\"async\" width=\"1440\" height=\"2560\" src=\"https:\/\/www.skygarden.at\/skygarden\/wp-content\/uploads\/2025\/06\/Steak-mit-Sauce-scaled.jpg\" class=\"attachment-full size-full wp-image-1324\" alt=\"\" srcset=\"https:\/\/www.skygarden.at\/skygarden\/wp-content\/uploads\/2025\/06\/Steak-mit-Sauce-scaled.jpg 1440w, https:\/\/www.skygarden.at\/skygarden\/wp-content\/uploads\/2025\/06\/Steak-mit-Sauce-169x300.jpg 169w, https:\/\/www.skygarden.at\/skygarden\/wp-content\/uploads\/2025\/06\/Steak-mit-Sauce-576x1024.jpg 576w, https:\/\/www.skygarden.at\/skygarden\/wp-content\/uploads\/2025\/06\/Steak-mit-Sauce-768x1365.jpg 768w, https:\/\/www.skygarden.at\/skygarden\/wp-content\/uploads\/2025\/06\/Steak-mit-Sauce-864x1536.jpg 864w, https:\/\/www.skygarden.at\/skygarden\/wp-content\/uploads\/2025\/06\/Steak-mit-Sauce-1152x2048.jpg 1152w\" sizes=\"(max-width: 1440px) 100vw, 1440px\" \/>\t\t\t\t\t\t\t\t\t\t\t\t\t\t\t<\/div>\n\t\t\t\t<\/div>\n\t\t\t\t\t<\/div>\n\t\t<\/div>\n\t\t\t\t<div class=\"elementor-column elementor-col-33 elementor-inner-column elementor-element elementor-element-48649b37\" data-id=\"48649b37\" data-element_type=\"column\" data-e-type=\"column\">\n\t\t\t<div class=\"elementor-widget-wrap elementor-element-populated\">\n\t\t\t\t\t\t<div class=\"elementor-element elementor-element-481c0cb2 elementor-widget elementor-widget-image\" data-id=\"481c0cb2\" data-element_type=\"widget\" data-e-type=\"widget\" data-widget_type=\"image.default\">\n\t\t\t\t<div class=\"elementor-widget-container\">\n\t\t\t\t\t\t\t\t\t\t\t\t\t\t\t<img decoding=\"async\" width=\"1440\" height=\"2560\" src=\"https:\/\/www.skygarden.at\/skygarden\/wp-content\/uploads\/2025\/06\/Suessspeise-Knoedel-scaled.jpg\" class=\"attachment-full size-full wp-image-1327\" alt=\"\" srcset=\"https:\/\/www.skygarden.at\/skygarden\/wp-content\/uploads\/2025\/06\/Suessspeise-Knoedel-scaled.jpg 1440w, https:\/\/www.skygarden.at\/skygarden\/wp-content\/uploads\/2025\/06\/Suessspeise-Knoedel-169x300.jpg 169w, https:\/\/www.skygarden.at\/skygarden\/wp-content\/uploads\/2025\/06\/Suessspeise-Knoedel-576x1024.jpg 576w, https:\/\/www.skygarden.at\/skygarden\/wp-content\/uploads\/2025\/06\/Suessspeise-Knoedel-768x1365.jpg 768w, https:\/\/www.skygarden.at\/skygarden\/wp-content\/uploads\/2025\/06\/Suessspeise-Knoedel-864x1536.jpg 864w, https:\/\/www.skygarden.at\/skygarden\/wp-content\/uploads\/2025\/06\/Suessspeise-Knoedel-1152x2048.jpg 1152w\" sizes=\"(max-width: 1440px) 100vw, 1440px\" \/>\t\t\t\t\t\t\t\t\t\t\t\t\t\t\t<\/div>\n\t\t\t\t<\/div>\n\t\t\t\t\t<\/div>\n\t\t<\/div>\n\t\t\t\t\t<\/div>\n\t\t<\/div>\n\t\t\t\t\t<\/div>\n\t\t<\/div>\n\t\t\t\t\t<\/div>\n\t\t<\/section>\n\t\t\t\t<section class=\"elementor-section elementor-top-section elementor-element elementor-element-e037b7e elementor-section-boxed elementor-section-height-default elementor-section-height-default\" data-id=\"e037b7e\" data-element_type=\"section\" data-e-type=\"section\">\n\t\t\t\t\t\t<div class=\"elementor-container elementor-column-gap-default\">\n\t\t\t\t\t<div class=\"elementor-column elementor-col-100 elementor-top-column elementor-element elementor-element-5ab9f28\" data-id=\"5ab9f28\" data-element_type=\"column\" data-e-type=\"column\">\n\t\t\t<div class=\"elementor-widget-wrap elementor-element-populated\">\n\t\t\t\t\t\t<div class=\"elementor-element elementor-element-ce4c6fd elementor-widget elementor-widget-candore-sec-title\" data-id=\"ce4c6fd\" data-element_type=\"widget\" data-e-type=\"widget\" data-widget_type=\"candore-sec-title.default\">\n\t\t\t\t<div class=\"elementor-widget-container\">\n\t\t\t\t\t\t\t<div class=\"section-head mb-0 text-center \">\n\t\t\t\t\t\t            <h5 class=\"section-title\">ZWEI MEN\u00dcS<\/h5>\n\t\t\t\t\t\t\t\t\t\t\t<\/div>\n\t\t\t\t\t\t<\/div>\n\t\t\t\t<\/div>\n\t\t\t\t<div class=\"elementor-element elementor-element-452b04e elementor-widget elementor-widget-candore-feature\" data-id=\"452b04e\" data-element_type=\"widget\" data-e-type=\"widget\" data-widget_type=\"candore-feature.default\">\n\t\t\t\t<div class=\"elementor-widget-container\">\n\t\t\t\t\t\t\t\t\t<div class=\"features row\">\n\t<div class=\"col-md-6 animate-box \" data-animate-effect=\"fadeInLeft\">\n                <div class=\"img\">\n                    <img decoding=\"async\" src=\"https:\/\/www.skygarden.at\/skygarden\/wp-content\/uploads\/2025\/09\/Skygarden-Weihnachtsmenue-Titelbild-2-scaled.jpg\" alt=\"\">\n                <\/div>\n            <\/div>\n            <div class=\"col-md-6 valign animate-box text-left \" data-animate-effect=\"fadeInRight\">\n                <div class=\"wrap\">\n                    \t\t\t\t\t<div class=\"number\">MENU 01<\/div>\n\t\t\t\t\t                    <div class=\"cont\">\n                        \t\t\t\t\t\t<h3>Urban Taste<\/h3>\n\t\t\t\t\t\t                       \t\t\t\t\t   <p>Ein festliches 3-G\u00e4nge-Men\u00fc, das Genuss auf h\u00f6chstem Niveau vereint.\nStartet mit einem feinen \u201eGru\u00df aus der K\u00fcche\u201c \u2013 marinierten Oliven, hochwertigem Oliven\u00f6l und hausgemachten Aufstrichen \u2013 und stellt euch danach eure pers\u00f6nliche Kombination aus Suppe, Hauptspeise und Dessert zusammen.\nDie Vorspeisen verw\u00f6hnen mit aromatischen Klassikern wie einer cremigen Maroni-Schaumsuppe mit Mandel-Maroni-B\u00e4llchen, fruchtiger Tomatensuppe oder einer kr\u00e4ftigen Rindsuppe.\nBei den Hauptspeisen erwarten euch vielf\u00e4ltige Genussmomente: frische Tagliatelle mit Basilikum-Pesto, mediterran zubereitetes Wildlachsfilet, zarte H\u00fchnerbrust mit Quinoa-Spinat-F\u00fcllung, Caesar\u2019s Salad mit knusprigem Speck oder ein hausgemachter Sky Burger mit saftigem Beef-Patty.\nDen kr\u00f6nenden Abschluss bilden s\u00fc\u00dfe Versuchungen: ein zart schmelzendes Schoko-Souffl\u00e9 mit fl\u00fcssigem Kern und Passionsfrucht-Sorbet oder ein feiner Nougatkn\u00f6del mit Butterbr\u00f6seln und Walnuss-Eis.<\/p>\n\t\t\t\t\t   \t\t\t\t\t                       <\/div>\n                <\/div>\n            <\/div>\n        <\/div>\n\t\t\t\t\t\t\t\t<\/div>\n\t\t\t\t<\/div>\n\t\t\t\t<div class=\"elementor-element elementor-element-32fe3e5 elementor-widget elementor-widget-candore-feature\" data-id=\"32fe3e5\" data-element_type=\"widget\" data-e-type=\"widget\" data-widget_type=\"candore-feature.default\">\n\t\t\t\t<div class=\"elementor-widget-container\">\n\t\t\t\t\t\t\t\t\t<div class=\"features row\">\n\t<div class=\"col-md-6 animate-box  order-md-last\" data-animate-effect=\"fadeInRight\">\n                <div class=\"img\">\n                    <img decoding=\"async\" src=\"https:\/\/www.skygarden.at\/skygarden\/wp-content\/uploads\/2025\/09\/Skygarden-Weihnachtsmenue-Titelbild-scaled.jpg\" alt=\"\">\n                <\/div>\n            <\/div>\n            <div class=\"col-md-6 valign animate-box text-left  order-md-first\" data-animate-effect=\"fadeInLeft\">\n                <div class=\"wrap\">\n                    \t\t\t\t\t<div class=\"number\">MENU 02<\/div>\n\t\t\t\t\t                    <div class=\"cont\">\n                        \t\t\t\t\t\t<h3>Sky Angel<\/h3>\n\t\t\t\t\t\t                       \t\t\t\t\t   <p>Ein exklusives 3-G\u00e4nge-Men\u00fc, das elegante Atmosph\u00e4re mit kulinarischen Highlights verbindet.\nSchon der \u201eGru\u00df aus der K\u00fcche\u201c \u2013 feine Oliven, hochwertiges Oliven\u00f6l und ausgew\u00e4hlte Aufstriche \u2013 stimmt auf einen besonderen Abend ein.\nDie Vorspeisen er\u00f6ffnen das Men\u00fc auf raffinierte Weise: klassisches Antipasti mit Prosciutto, Salami, getrockneten Tomaten, Parmesan und mediterranem Gem\u00fcse oder edles Beef Tatar vom M\u00fchlviertler OX mit Toast und Baguette.\nBei den Hauptspeisen erwarten euch wahre Genussmomente: zartes Pfeffersteak \u201eMadagaskar\u201c, mit Cognac flambiert und serviert mit einer Beilage nach Wahl, hausgemachte Tagliatelle Pomodoro mit frischem Basilikum und optionalen Rinderfilet-St\u00fccken, ein aromatisches Thunfischsteak mit Sesamkruste und Asia-Mango-Gem\u00fcse oder der beliebte Caesar\u2019s Salad mit knusprigem Speck und Knoblauch-Parmesan-Dressing.\nEin besonderes Highlight: der Surf &amp; Turf Burger mit saftigem Wagyu-Beef-Patty, King Prawns, Avocado, K\u00e4se und Cocktail-Dip \u2013 begleitet von knusprigen Curly Fries.\nZum Abschluss verw\u00f6hnen zwei s\u00fc\u00dfe Klassiker: ein warmes Lava Cake mit fl\u00fcssigem Schokokern und Passionsfrucht-Sorbet oder ein feiner Nougatkn\u00f6del mit Butterbr\u00f6seln und Walnuss-Eis.<\/p>\n\t\t\t\t\t   \t\t\t\t\t                       <\/div>\n                <\/div>\n            <\/div>\n        <\/div>\n\t\t\t\t\t\t\t\t<\/div>\n\t\t\t\t<\/div>\n\t\t\t\t\t<\/div>\n\t\t<\/div>\n\t\t\t\t\t<\/div>\n\t\t<\/section>\n\t\t\t\t<\/div>\n\t\t","protected":false},"excerpt":{"rendered":"<p>FEIERN IM SKYGARDEN Abteilungsfeiern \u00fcber den D\u00e4chern von Linz Skygarden Feiern LET&#8217;S CELEBRATE TOGETHER! Abteilungsfeiern bis zu 20 Personen Wir bieten euch den perfekten Rahmen, um eure Abteilungsfeier zu einem&#8230;<\/p>\n","protected":false},"author":1,"featured_media":0,"parent":0,"menu_order":0,"comment_status":"closed","ping_status":"closed","template":"","meta":{"footnotes":""},"class_list":["post-1375","page","type-page","status-publish","hentry"],"_links":{"self":[{"href":"https:\/\/www.skygarden.at\/skygarden\/wp-json\/wp\/v2\/pages\/1375","targetHints":{"allow":["GET"]}}],"collection":[{"href":"https:\/\/www.skygarden.at\/skygarden\/wp-json\/wp\/v2\/pages"}],"about":[{"href":"https:\/\/www.skygarden.at\/skygarden\/wp-json\/wp\/v2\/types\/page"}],"author":[{"embeddable":true,"href":"https:\/\/www.skygarden.at\/skygarden\/wp-json\/wp\/v2\/users\/1"}],"replies":[{"embeddable":true,"href":"https:\/\/www.skygarden.at\/skygarden\/wp-json\/wp\/v2\/comments?post=1375"}],"version-history":[{"count":22,"href":"https:\/\/www.skygarden.at\/skygarden\/wp-json\/wp\/v2\/pages\/1375\/revisions"}],"predecessor-version":[{"id":1491,"href":"https:\/\/www.skygarden.at\/skygarden\/wp-json\/wp\/v2\/pages\/1375\/revisions\/1491"}],"wp:attachment":[{"href":"https:\/\/www.skygarden.at\/skygarden\/wp-json\/wp\/v2\/media?parent=1375"}],"curies":[{"name":"wp","href":"https:\/\/api.w.org\/{rel}","templated":true}]}}